{"id":739,"date":"2020-10-08T19:40:34","date_gmt":"2020-10-08T19:40:34","guid":{"rendered":"https:\/\/paraque.cl\/web\/?page_id=739"},"modified":"2022-01-27T22:03:18","modified_gmt":"2022-01-27T22:03:18","slug":"trabajo-en-equipo","status":"publish","type":"page","link":"https:\/\/paraque.cl\/web\/trabajo-en-equipo\/","title":{"rendered":"Trabajo en equipo"},"content":{"rendered":"\t\t<div data-elementor-type=\"wp-page\" data-elementor-id=\"739\" class=\"elementor elementor-739\">\n\t\t\t\t\t\t<div class=\"elementor-inner\">\n\t\t\t\t<div class=\"elementor-section-wrap\">\n\t\t\t\t\t\t\t\t\t<section class=\"elementor-section elementor-top-section elementor-element elementor-element-b9359ee elementor-section-full_width elementor-section-height-default elementor-section-height-default\" data-id=\"b9359ee\" data-element_type=\"section\" data-settings=\"{&quot;background_background&quot;:&quot;classic&quot;}\">\n\t\t\t\t\t\t<div class=\"elementor-container elementor-column-gap-default\">\n\t\t\t\t\t\t\t<div class=\"elementor-row\">\n\t\t\t\t\t<div class=\"elementor-column elementor-col-100 elementor-top-column elementor-element elementor-element-27bb0c1\" data-id=\"27bb0c1\" data-element_type=\"column\">\n\t\t\t<div class=\"elementor-column-wrap elementor-element-populated\">\n\t\t\t\t\t\t\t<div class=\"elementor-widget-wrap\">\n\t\t\t\t\t\t<div class=\"elementor-element elementor-element-f03dd8c elementor-widget elementor-widget-heading\" data-id=\"f03dd8c\" data-element_type=\"widget\" data-widget_type=\"heading.default\">\n\t\t\t\t<div class=\"elementor-widget-container\">\n\t\t\t<h2 class=\"elementor-heading-title elementor-size-default\">Nuestras soluciones<\/h2>\t\t<\/div>\n\t\t\t\t<\/div>\n\t\t\t\t<div class=\"elementor-element elementor-element-8492de8 elementor-widget-divider--view-line elementor-widget elementor-widget-divider\" data-id=\"8492de8\" data-element_type=\"widget\" data-widget_type=\"divider.default\">\n\t\t\t\t<div class=\"elementor-widget-container\">\n\t\t\t\t\t<div class=\"elementor-divider\">\n\t\t\t<span class=\"elementor-divider-separator\">\n\t\t\t\t\t\t<\/span>\n\t\t<\/div>\n\t\t\t\t<\/div>\n\t\t\t\t<\/div>\n\t\t\t\t\t\t<\/div>\n\t\t\t\t\t<\/div>\n\t\t<\/div>\n\t\t\t\t\t\t\t\t<\/div>\n\t\t\t\t\t<\/div>\n\t\t<\/section>\n\t\t\t\t<section class=\"elementor-section elementor-top-section elementor-element elementor-element-3d8b7b6 elementor-section-full_width elementor-section-height-default elementor-section-height-default\" data-id=\"3d8b7b6\" data-element_type=\"section\">\n\t\t\t\t\t\t<div class=\"elementor-container elementor-column-gap-default\">\n\t\t\t\t\t\t\t<div class=\"elementor-row\">\n\t\t\t\t\t<div class=\"elementor-column elementor-col-50 elementor-top-column elementor-element elementor-element-02c3c27\" data-id=\"02c3c27\" data-element_type=\"column\" data-settings=\"{&quot;background_background&quot;:&quot;classic&quot;}\">\n\t\t\t<div class=\"elementor-column-wrap elementor-element-populated\">\n\t\t\t\t\t\t\t<div class=\"elementor-widget-wrap\">\n\t\t\t\t\t\t<div class=\"elementor-element elementor-element-704c9ba elementor-widget elementor-widget-image\" data-id=\"704c9ba\" data-element_type=\"widget\" data-widget_type=\"image.default\">\n\t\t\t\t<div class=\"elementor-widget-container\">\n\t\t\t\t\t\t\t\t<div class=\"elementor-image\">\n\t\t\t\t\t\t\t\t\t\t\t\t<img width=\"300\" height=\"300\" src=\"https:\/\/paraque.cl\/web\/wp-content\/uploads\/2020\/10\/iconos_web_trabajoequipo-300x300.png\" class=\"attachment-medium size-medium wp-image-742\" alt=\"\" loading=\"lazy\" srcset=\"https:\/\/paraque.cl\/web\/wp-content\/uploads\/2020\/10\/iconos_web_trabajoequipo-300x300.png 300w, https:\/\/paraque.cl\/web\/wp-content\/uploads\/2020\/10\/iconos_web_trabajoequipo-150x150.png 150w, https:\/\/paraque.cl\/web\/wp-content\/uploads\/2020\/10\/iconos_web_trabajoequipo-768x768.png 768w, https:\/\/paraque.cl\/web\/wp-content\/uploads\/2020\/10\/iconos_web_trabajoequipo.png 1001w\" sizes=\"(max-width: 300px) 100vw, 300px\" \/>\t\t\t\t\t\t\t\t\t\t\t\t\t\t<\/div>\n\t\t\t\t\t\t<\/div>\n\t\t\t\t<\/div>\n\t\t\t\t\t\t<\/div>\n\t\t\t\t\t<\/div>\n\t\t<\/div>\n\t\t\t\t<div class=\"elementor-column elementor-col-50 elementor-top-column elementor-element elementor-element-136cd71\" data-id=\"136cd71\" data-element_type=\"column\">\n\t\t\t<div class=\"elementor-column-wrap elementor-element-populated\">\n\t\t\t\t\t\t\t<div class=\"elementor-widget-wrap\">\n\t\t\t\t\t\t<div class=\"elementor-element elementor-element-39c0408 elementor-widget elementor-widget-heading\" data-id=\"39c0408\" data-element_type=\"widget\" data-widget_type=\"heading.default\">\n\t\t\t\t<div class=\"elementor-widget-container\">\n\t\t\t<h2 class=\"elementor-heading-title elementor-size-default\">Trabajo en Equipo<\/h2>\t\t<\/div>\n\t\t\t\t<\/div>\n\t\t\t\t<div class=\"elementor-element elementor-element-497754d elementor-widget elementor-widget-heading\" data-id=\"497754d\" data-element_type=\"widget\" data-widget_type=\"heading.default\">\n\t\t\t\t<div class=\"elementor-widget-container\">\n\t\t\t<h2 class=\"elementor-heading-title elementor-size-default\">\u00bfBuscas una Gesti\u00f3n del prop\u00f3sito, la colaboraci\u00f3n y trabajo en equipo en tu empresa?<\/h2>\t\t<\/div>\n\t\t\t\t<\/div>\n\t\t\t\t<div class=\"elementor-element elementor-element-c34ccf2 elementor-widget elementor-widget-text-editor\" data-id=\"c34ccf2\" data-element_type=\"widget\" data-widget_type=\"text-editor.default\">\n\t\t\t\t<div class=\"elementor-widget-container\">\n\t\t\t\t\t\t\t\t<div class=\"elementor-text-editor elementor-clearfix\">\n\t\t\t\t<p><b>Las diferentes formas de abordaje del <\/b><b>Trabajo en Equipo<\/b><b>, la colaboraci\u00f3n y de consecuci\u00f3n de objetivos, comienzan por comprender qu\u00e9 es el trabajo en <\/b><b>equipos de alto desempe\u00f1o<\/b><b>, c\u00f3mo se gestiona, variables asociadas, beneficios y el rol fundamental de cada uno\u00a0 como personas integrantes de un equipo, participes de sus interrelaciones y tambi\u00e9n de los resultados<\/b><\/p><p><b>Modalidad Online y Presencial en Todo Chile. \u00a1Planes Especiales para Pymes!<\/b><\/p>\t\t\t\t\t<\/div>\n\t\t\t\t\t\t<\/div>\n\t\t\t\t<\/div>\n\t\t\t\t<div class=\"elementor-element elementor-element-1a08afb elementor-widget elementor-widget-text-editor\" data-id=\"1a08afb\" data-element_type=\"widget\" data-widget_type=\"text-editor.default\">\n\t\t\t\t<div class=\"elementor-widget-container\">\n\t\t\t\t\t\t\t\t<div class=\"elementor-text-editor elementor-clearfix\">\n\t\t\t\t<p>Cualquiera sean los desaf\u00edos, reestructurar equipos o llevar el negocio en una nueva direcci\u00f3n o a un proceso de transformaci\u00f3n, podemos ayudarte a que los equipos sean adaptativos y estrat\u00e9gicos en su enfoque.<\/p>\t\t\t\t\t<\/div>\n\t\t\t\t\t\t<\/div>\n\t\t\t\t<\/div>\n\t\t\t\t<div class=\"elementor-element elementor-element-8a082e4 elementor-widget elementor-widget-text-editor\" data-id=\"8a082e4\" data-element_type=\"widget\" data-widget_type=\"text-editor.default\">\n\t\t\t\t<div class=\"elementor-widget-container\">\n\t\t\t\t\t\t\t\t<div class=\"elementor-text-editor elementor-clearfix\">\n\t\t\t\t<p>Buscaremos<\/p>\t\t\t\t\t<\/div>\n\t\t\t\t\t\t<\/div>\n\t\t\t\t<\/div>\n\t\t\t\t<div class=\"elementor-element elementor-element-76cb7dd elementor-widget elementor-widget-text-editor\" data-id=\"76cb7dd\" data-element_type=\"widget\" data-widget_type=\"text-editor.default\">\n\t\t\t\t<div class=\"elementor-widget-container\">\n\t\t\t\t\t\t\t\t<div class=\"elementor-text-editor elementor-clearfix\">\n\t\t\t\t<ul><li>C\u00f3mo alinear los prop\u00f3sitos de cada uno con los de la organizaci\u00f3n o \u00e1rea, lo que busca dar sentido al trabajo y realizaci\u00f3n personal.<\/li><li>Fortalecer las relaciones al interior del equipo, mir\u00e1ndolas y reconociendo caminos de mejora.<\/li><li>Aprender estrategias concretas y accionables, de corto y mediano plazo, en los \u00e1mbitos propios de la gesti\u00f3n del trabajo en equipo, clima laboral y oportunidades de generaci\u00f3n de confianza.<\/li><li>Promover reflexiones que inviten a los participantes a tener cambios concretos de actitud y comportamiento a prop\u00f3sito de este aprendizaje pr\u00e1ctico-emocional y su impacto tanto en cada uno individualmente como en el entorno de trabajo y su equipo.<\/li><\/ul><p><br \/>Realizamos programas y cursos de trabajo en equipo para la creaci\u00f3n de equipos de alto desempe\u00f1o, con relaciones positivas y donde cada uno pueda dar lo mejor de si mismo.<br \/><br \/><\/p><p>\u00a1Te invitamos a contactarte con nosotros! Para m\u00e1s informaci\u00f3n,\u00a0haz\u00a0clic\u00a0<b><a href=\"https:\/\/paraque.cl\/web\/coaching\/?elementor-preview=710&amp;ver=1637708491#footer\">aqu\u00ed.<\/a><\/b><\/p>\t\t\t\t\t<\/div>\n\t\t\t\t\t\t<\/div>\n\t\t\t\t<\/div>\n\t\t\t\t<section class=\"elementor-section elementor-inner-section elementor-element elementor-element-1dc67d6 elementor-section-boxed elementor-section-height-default elementor-section-height-default\" data-id=\"1dc67d6\" data-element_type=\"section\">\n\t\t\t\t\t\t<div class=\"elementor-container elementor-column-gap-default\">\n\t\t\t\t\t\t\t<div class=\"elementor-row\">\n\t\t\t\t\t<div class=\"elementor-column elementor-col-100 elementor-inner-column elementor-element elementor-element-7419c4e\" data-id=\"7419c4e\" data-element_type=\"column\">\n\t\t\t<div class=\"elementor-column-wrap elementor-element-populated\">\n\t\t\t\t\t\t\t<div class=\"elementor-widget-wrap\">\n\t\t\t\t\t\t<div class=\"elementor-element elementor-element-a893bb7 elementor-widget elementor-widget-heading\" data-id=\"a893bb7\" data-element_type=\"widget\" data-widget_type=\"heading.default\">\n\t\t\t\t<div class=\"elementor-widget-container\">\n\t\t\t<h2 class=\"elementor-heading-title elementor-size-default\">C\u00e1psulas asociadas<\/h2>\t\t<\/div>\n\t\t\t\t<\/div>\n\t\t\t\t\t\t<\/div>\n\t\t\t\t\t<\/div>\n\t\t<\/div>\n\t\t\t\t\t\t\t\t<\/div>\n\t\t\t\t\t<\/div>\n\t\t<\/section>\n\t\t\t\t<section class=\"elementor-section elementor-inner-section elementor-element elementor-element-ebea702 elementor-section-boxed elementor-section-height-default elementor-section-height-default\" data-id=\"ebea702\" data-element_type=\"section\">\n\t\t\t\t\t\t<div class=\"elementor-container elementor-column-gap-default\">\n\t\t\t\t\t\t\t<div class=\"elementor-row\">\n\t\t\t\t\t<div class=\"elementor-column elementor-col-33 elementor-inner-column elementor-element elementor-element-281d2a4\" data-id=\"281d2a4\" data-element_type=\"column\">\n\t\t\t<div class=\"elementor-column-wrap elementor-element-populated\">\n\t\t\t\t\t\t\t<div class=\"elementor-widget-wrap\">\n\t\t\t\t\t\t<div class=\"elementor-element elementor-element-9aa1ca6 elementor-widget elementor-widget-image\" data-id=\"9aa1ca6\" data-element_type=\"widget\" data-widget_type=\"image.default\">\n\t\t\t\t<div class=\"elementor-widget-container\">\n\t\t\t\t\t\t\t\t<div class=\"elementor-image\">\n\t\t\t\t\t\t\t\t\t\t\t\t\t<a href=\"https:\/\/paraque.cl\/web\/planificacion-estrategica\">\n\t\t\t\t\t\t\t<img width=\"800\" height=\"894\" src=\"https:\/\/paraque.cl\/web\/wp-content\/uploads\/2020\/10\/Fotos_capsulas-52-1-916x1024.jpg\" class=\"elementor-animation-grow attachment-large size-large wp-image-1309\" alt=\"\" loading=\"lazy\" srcset=\"https:\/\/paraque.cl\/web\/wp-content\/uploads\/2020\/10\/Fotos_capsulas-52-1-916x1024.jpg 916w, https:\/\/paraque.cl\/web\/wp-content\/uploads\/2020\/10\/Fotos_capsulas-52-1-268x300.jpg 268w, https:\/\/paraque.cl\/web\/wp-content\/uploads\/2020\/10\/Fotos_capsulas-52-1-768x858.jpg 768w, https:\/\/paraque.cl\/web\/wp-content\/uploads\/2020\/10\/Fotos_capsulas-52-1-1374x1536.jpg 1374w, https:\/\/paraque.cl\/web\/wp-content\/uploads\/2020\/10\/Fotos_capsulas-52-1-1833x2048.jpg 1833w\" sizes=\"(max-width: 800px) 100vw, 800px\" \/>\t\t\t\t\t\t\t\t<\/a>\n\t\t\t\t\t\t\t\t\t\t\t\t\t\t<\/div>\n\t\t\t\t\t\t<\/div>\n\t\t\t\t<\/div>\n\t\t\t\t\t\t<\/div>\n\t\t\t\t\t<\/div>\n\t\t<\/div>\n\t\t\t\t<div class=\"elementor-column elementor-col-33 elementor-inner-column elementor-element elementor-element-fcbf51c\" data-id=\"fcbf51c\" data-element_type=\"column\">\n\t\t\t<div class=\"elementor-column-wrap elementor-element-populated\">\n\t\t\t\t\t\t\t<div class=\"elementor-widget-wrap\">\n\t\t\t\t\t\t<div class=\"elementor-element elementor-element-18b8681 elementor-widget elementor-widget-image\" data-id=\"18b8681\" data-element_type=\"widget\" data-widget_type=\"image.default\">\n\t\t\t\t<div class=\"elementor-widget-container\">\n\t\t\t\t\t\t\t\t<div class=\"elementor-image\">\n\t\t\t\t\t\t\t\t\t\t\t\t\t<a href=\"https:\/\/paraque.cl\/web\/equipo-contento-equipo-potente-equipo-efectivo\">\n\t\t\t\t\t\t\t<img width=\"800\" height=\"878\" src=\"https:\/\/paraque.cl\/web\/wp-content\/uploads\/2020\/10\/Fotos_capsulas-56-1-933x1024.jpg\" class=\"elementor-animation-grow attachment-large size-large wp-image-1313\" alt=\"\" loading=\"lazy\" srcset=\"https:\/\/paraque.cl\/web\/wp-content\/uploads\/2020\/10\/Fotos_capsulas-56-1-933x1024.jpg 933w, https:\/\/paraque.cl\/web\/wp-content\/uploads\/2020\/10\/Fotos_capsulas-56-1-273x300.jpg 273w, https:\/\/paraque.cl\/web\/wp-content\/uploads\/2020\/10\/Fotos_capsulas-56-1-768x843.jpg 768w, https:\/\/paraque.cl\/web\/wp-content\/uploads\/2020\/10\/Fotos_capsulas-56-1-1399x1536.jpg 1399w, https:\/\/paraque.cl\/web\/wp-content\/uploads\/2020\/10\/Fotos_capsulas-56-1-1865x2048.jpg 1865w\" sizes=\"(max-width: 800px) 100vw, 800px\" \/>\t\t\t\t\t\t\t\t<\/a>\n\t\t\t\t\t\t\t\t\t\t\t\t\t\t<\/div>\n\t\t\t\t\t\t<\/div>\n\t\t\t\t<\/div>\n\t\t\t\t\t\t<\/div>\n\t\t\t\t\t<\/div>\n\t\t<\/div>\n\t\t\t\t<div class=\"elementor-column elementor-col-33 elementor-inner-column elementor-element elementor-element-25a62b3\" data-id=\"25a62b3\" data-element_type=\"column\">\n\t\t\t<div class=\"elementor-column-wrap elementor-element-populated\">\n\t\t\t\t\t\t\t<div class=\"elementor-widget-wrap\">\n\t\t\t\t\t\t<div class=\"elementor-element elementor-element-18b30c7 elementor-widget elementor-widget-image\" data-id=\"18b30c7\" data-element_type=\"widget\" data-widget_type=\"image.default\">\n\t\t\t\t<div class=\"elementor-widget-container\">\n\t\t\t\t\t\t\t\t<div class=\"elementor-image\">\n\t\t\t\t\t\t\t\t\t\t\t\t\t<a href=\"https:\/\/paraque.cl\/web\/coaching-para-equipos-lideres\">\n\t\t\t\t\t\t\t<img width=\"800\" height=\"886\" src=\"https:\/\/paraque.cl\/web\/wp-content\/uploads\/2020\/10\/Fotos_capsulas-58-1-925x1024.jpg\" class=\"elementor-animation-grow attachment-large size-large wp-image-1315\" alt=\"\" loading=\"lazy\" srcset=\"https:\/\/paraque.cl\/web\/wp-content\/uploads\/2020\/10\/Fotos_capsulas-58-1-925x1024.jpg 925w, https:\/\/paraque.cl\/web\/wp-content\/uploads\/2020\/10\/Fotos_capsulas-58-1-271x300.jpg 271w, https:\/\/paraque.cl\/web\/wp-content\/uploads\/2020\/10\/Fotos_capsulas-58-1-768x850.jpg 768w, https:\/\/paraque.cl\/web\/wp-content\/uploads\/2020\/10\/Fotos_capsulas-58-1-1388x1536.jpg 1388w, https:\/\/paraque.cl\/web\/wp-content\/uploads\/2020\/10\/Fotos_capsulas-58-1-1850x2048.jpg 1850w\" sizes=\"(max-width: 800px) 100vw, 800px\" \/>\t\t\t\t\t\t\t\t<\/a>\n\t\t\t\t\t\t\t\t\t\t\t\t\t\t<\/div>\n\t\t\t\t\t\t<\/div>\n\t\t\t\t<\/div>\n\t\t\t\t\t\t<\/div>\n\t\t\t\t\t<\/div>\n\t\t<\/div>\n\t\t\t\t\t\t\t\t<\/div>\n\t\t\t\t\t<\/div>\n\t\t<\/section>\n\t\t\t\t\t\t<\/div>\n\t\t\t\t\t<\/div>\n\t\t<\/div>\n\t\t\t\t\t\t\t\t<\/div>\n\t\t\t\t\t<\/div>\n\t\t<\/section>\n\t\t\t\t\t\t\t\t\t<\/div>\n\t\t\t<\/div>\n\t\t\t\t\t<\/div>\n\t\t","protected":false},"excerpt":{"rendered":"<p>Nuestras soluciones Trabajo en Equipo \u00bfBuscas una Gesti\u00f3n del prop\u00f3sito, la colaboraci\u00f3n y trabajo en equipo en tu empresa? Las diferentes formas de abordaje del Trabajo en Equipo, la colaboraci\u00f3n y de consecuci\u00f3n de objetivos, comienzan por comprender qu\u00e9 es el trabajo en equipos de alto desempe\u00f1o, c\u00f3mo se gestiona, variables asociadas, beneficios y el [&hellip;]<\/p>\n","protected":false},"author":1,"featured_media":0,"parent":0,"menu_order":0,"comment_status":"closed","ping_status":"closed","template":"elementor_header_footer","meta":[],"yoast_head":"<!-- This site is optimized with the Yoast SEO plugin v15.9.2 - https:\/\/yoast.com\/wordpress\/plugins\/seo\/ -->\n<title>Trabajo en equipo | Para Qu\u00e9<\/title>\n<meta name=\"robots\" content=\"index, follow, max-snippet:-1, max-image-preview:large, max-video-preview:-1\" \/>\n<link rel=\"canonical\" href=\"https:\/\/paraque.cl\/web\/trabajo-en-equipo\/\" \/>\n<meta property=\"og:locale\" content=\"es_ES\" \/>\n<meta property=\"og:type\" content=\"article\" \/>\n<meta property=\"og:title\" content=\"Trabajo en equipo | Para Qu\u00e9\" \/>\n<meta property=\"og:description\" content=\"Nuestras soluciones Trabajo en Equipo \u00bfBuscas una Gesti\u00f3n del prop\u00f3sito, la colaboraci\u00f3n y trabajo en equipo en tu empresa? Las diferentes formas de abordaje del Trabajo en Equipo, la colaboraci\u00f3n y de consecuci\u00f3n de objetivos, comienzan por comprender qu\u00e9 es el trabajo en equipos de alto desempe\u00f1o, c\u00f3mo se gestiona, variables asociadas, beneficios y el [&hellip;]\" \/>\n<meta property=\"og:url\" content=\"https:\/\/paraque.cl\/web\/trabajo-en-equipo\/\" \/>\n<meta property=\"og:site_name\" content=\"Para Qu\u00e9\" \/>\n<meta property=\"article:publisher\" content=\"https:\/\/www.facebook.com\/paraque.cl\" \/>\n<meta property=\"article:modified_time\" content=\"2022-01-27T22:03:18+00:00\" \/>\n<meta property=\"og:image\" content=\"https:\/\/paraque.cl\/web\/wp-content\/uploads\/2020\/10\/iconos_web_trabajoequipo-300x300.png\" \/>\n<meta name=\"twitter:card\" content=\"summary_large_image\" \/>\n<meta name=\"twitter:label1\" content=\"Tiempo de lectura\">\n\t<meta name=\"twitter:data1\" content=\"2 minutos\">\n<script type=\"application\/ld+json\" class=\"yoast-schema-graph\">{\"@context\":\"https:\/\/schema.org\",\"@graph\":[{\"@type\":\"WebSite\",\"@id\":\"https:\/\/paraque.cl\/web\/#website\",\"url\":\"https:\/\/paraque.cl\/web\/\",\"name\":\"Para Qu\\u00e9\",\"description\":\"Desata el poder de las personas\",\"potentialAction\":[{\"@type\":\"SearchAction\",\"target\":\"https:\/\/paraque.cl\/web\/?s={search_term_string}\",\"query-input\":\"required name=search_term_string\"}],\"inLanguage\":\"es\"},{\"@type\":\"ImageObject\",\"@id\":\"https:\/\/paraque.cl\/web\/trabajo-en-equipo\/#primaryimage\",\"inLanguage\":\"es\",\"url\":\"https:\/\/paraque.cl\/web\/wp-content\/uploads\/2020\/10\/iconos_web_trabajoequipo.png\",\"width\":1001,\"height\":1001},{\"@type\":\"WebPage\",\"@id\":\"https:\/\/paraque.cl\/web\/trabajo-en-equipo\/#webpage\",\"url\":\"https:\/\/paraque.cl\/web\/trabajo-en-equipo\/\",\"name\":\"Trabajo en equipo | Para Qu\\u00e9\",\"isPartOf\":{\"@id\":\"https:\/\/paraque.cl\/web\/#website\"},\"primaryImageOfPage\":{\"@id\":\"https:\/\/paraque.cl\/web\/trabajo-en-equipo\/#primaryimage\"},\"datePublished\":\"2020-10-08T19:40:34+00:00\",\"dateModified\":\"2022-01-27T22:03:18+00:00\",\"breadcrumb\":{\"@id\":\"https:\/\/paraque.cl\/web\/trabajo-en-equipo\/#breadcrumb\"},\"inLanguage\":\"es\",\"potentialAction\":[{\"@type\":\"ReadAction\",\"target\":[\"https:\/\/paraque.cl\/web\/trabajo-en-equipo\/\"]}]},{\"@type\":\"BreadcrumbList\",\"@id\":\"https:\/\/paraque.cl\/web\/trabajo-en-equipo\/#breadcrumb\",\"itemListElement\":[{\"@type\":\"ListItem\",\"position\":1,\"item\":{\"@type\":\"WebPage\",\"@id\":\"https:\/\/paraque.cl\/web\/\",\"url\":\"https:\/\/paraque.cl\/web\/\",\"name\":\"Portada\"}},{\"@type\":\"ListItem\",\"position\":2,\"item\":{\"@type\":\"WebPage\",\"@id\":\"https:\/\/paraque.cl\/web\/trabajo-en-equipo\/\",\"url\":\"https:\/\/paraque.cl\/web\/trabajo-en-equipo\/\",\"name\":\"Trabajo en equipo\"}}]}]}<\/script>\n<!-- \/ Yoast SEO plugin. -->","_links":{"self":[{"href":"https:\/\/paraque.cl\/web\/wp-json\/wp\/v2\/pages\/739"}],"collection":[{"href":"https:\/\/paraque.cl\/web\/wp-json\/wp\/v2\/pages"}],"about":[{"href":"https:\/\/paraque.cl\/web\/wp-json\/wp\/v2\/types\/page"}],"author":[{"embeddable":true,"href":"https:\/\/paraque.cl\/web\/wp-json\/wp\/v2\/users\/1"}],"replies":[{"embeddable":true,"href":"https:\/\/paraque.cl\/web\/wp-json\/wp\/v2\/comments?post=739"}],"version-history":[{"count":28,"href":"https:\/\/paraque.cl\/web\/wp-json\/wp\/v2\/pages\/739\/revisions"}],"predecessor-version":[{"id":1852,"href":"https:\/\/paraque.cl\/web\/wp-json\/wp\/v2\/pages\/739\/revisions\/1852"}],"wp:attachment":[{"href":"https:\/\/paraque.cl\/web\/wp-json\/wp\/v2\/media?parent=739"}],"curies":[{"name":"wp","href":"https:\/\/api.w.org\/{rel}","templated":true}]}}