{"id":710,"date":"2020-10-08T19:22:03","date_gmt":"2020-10-08T19:22:03","guid":{"rendered":"https:\/\/paraque.cl\/web\/?page_id=710"},"modified":"2023-08-30T12:47:32","modified_gmt":"2023-08-30T12:47:32","slug":"coaching","status":"publish","type":"page","link":"https:\/\/paraque.cl\/web\/coaching\/","title":{"rendered":"Coaching"},"content":{"rendered":"\t\t<div data-elementor-type=\"wp-page\" data-elementor-id=\"710\" class=\"elementor elementor-710\">\n\t\t\t\t\t\t<div class=\"elementor-inner\">\n\t\t\t\t<div class=\"elementor-section-wrap\">\n\t\t\t\t\t\t\t\t\t<section class=\"elementor-section elementor-top-section elementor-element elementor-element-b9359ee elementor-section-full_width elementor-section-height-default elementor-section-height-default\" data-id=\"b9359ee\" data-element_type=\"section\" data-settings=\"{&quot;background_background&quot;:&quot;classic&quot;}\">\n\t\t\t\t\t\t<div class=\"elementor-container elementor-column-gap-default\">\n\t\t\t\t\t\t\t<div class=\"elementor-row\">\n\t\t\t\t\t<div class=\"elementor-column elementor-col-100 elementor-top-column elementor-element elementor-element-27bb0c1\" data-id=\"27bb0c1\" data-element_type=\"column\">\n\t\t\t<div class=\"elementor-column-wrap elementor-element-populated\">\n\t\t\t\t\t\t\t<div class=\"elementor-widget-wrap\">\n\t\t\t\t\t\t<div class=\"elementor-element elementor-element-f03dd8c elementor-widget elementor-widget-heading\" data-id=\"f03dd8c\" data-element_type=\"widget\" data-widget_type=\"heading.default\">\n\t\t\t\t<div class=\"elementor-widget-container\">\n\t\t\t<h2 class=\"elementor-heading-title elementor-size-default\">Nuestras soluciones<\/h2>\t\t<\/div>\n\t\t\t\t<\/div>\n\t\t\t\t<div class=\"elementor-element elementor-element-8492de8 elementor-widget-divider--view-line elementor-widget elementor-widget-divider\" data-id=\"8492de8\" data-element_type=\"widget\" data-widget_type=\"divider.default\">\n\t\t\t\t<div class=\"elementor-widget-container\">\n\t\t\t\t\t<div class=\"elementor-divider\">\n\t\t\t<span class=\"elementor-divider-separator\">\n\t\t\t\t\t\t<\/span>\n\t\t<\/div>\n\t\t\t\t<\/div>\n\t\t\t\t<\/div>\n\t\t\t\t\t\t<\/div>\n\t\t\t\t\t<\/div>\n\t\t<\/div>\n\t\t\t\t\t\t\t\t<\/div>\n\t\t\t\t\t<\/div>\n\t\t<\/section>\n\t\t\t\t<section class=\"elementor-section elementor-top-section elementor-element elementor-element-3d8b7b6 elementor-section-full_width elementor-section-height-default elementor-section-height-default\" data-id=\"3d8b7b6\" data-element_type=\"section\">\n\t\t\t\t\t\t<div class=\"elementor-container elementor-column-gap-default\">\n\t\t\t\t\t\t\t<div class=\"elementor-row\">\n\t\t\t\t\t<div class=\"elementor-column elementor-col-50 elementor-top-column elementor-element elementor-element-02c3c27\" data-id=\"02c3c27\" data-element_type=\"column\" data-settings=\"{&quot;background_background&quot;:&quot;classic&quot;}\">\n\t\t\t<div class=\"elementor-column-wrap elementor-element-populated\">\n\t\t\t\t\t\t\t<div class=\"elementor-widget-wrap\">\n\t\t\t\t\t\t<div class=\"elementor-element elementor-element-704c9ba elementor-widget elementor-widget-image\" data-id=\"704c9ba\" data-element_type=\"widget\" data-widget_type=\"image.default\">\n\t\t\t\t<div class=\"elementor-widget-container\">\n\t\t\t\t\t\t\t\t<div class=\"elementor-image\">\n\t\t\t\t\t\t\t\t\t\t\t\t<img width=\"300\" height=\"300\" src=\"https:\/\/paraque.cl\/web\/wp-content\/uploads\/2020\/10\/iconos_web_coaching-300x300.png\" class=\"attachment-medium size-medium wp-image-713\" alt=\"\" loading=\"lazy\" srcset=\"https:\/\/paraque.cl\/web\/wp-content\/uploads\/2020\/10\/iconos_web_coaching-300x300.png 300w, https:\/\/paraque.cl\/web\/wp-content\/uploads\/2020\/10\/iconos_web_coaching-150x150.png 150w, https:\/\/paraque.cl\/web\/wp-content\/uploads\/2020\/10\/iconos_web_coaching-768x768.png 768w, https:\/\/paraque.cl\/web\/wp-content\/uploads\/2020\/10\/iconos_web_coaching.png 1001w\" sizes=\"(max-width: 300px) 100vw, 300px\" \/>\t\t\t\t\t\t\t\t\t\t\t\t\t\t<\/div>\n\t\t\t\t\t\t<\/div>\n\t\t\t\t<\/div>\n\t\t\t\t\t\t<\/div>\n\t\t\t\t\t<\/div>\n\t\t<\/div>\n\t\t\t\t<div class=\"elementor-column elementor-col-50 elementor-top-column elementor-element elementor-element-136cd71\" data-id=\"136cd71\" data-element_type=\"column\">\n\t\t\t<div class=\"elementor-column-wrap elementor-element-populated\">\n\t\t\t\t\t\t\t<div class=\"elementor-widget-wrap\">\n\t\t\t\t\t\t<div class=\"elementor-element elementor-element-39c0408 elementor-widget elementor-widget-heading\" data-id=\"39c0408\" data-element_type=\"widget\" data-widget_type=\"heading.default\">\n\t\t\t\t<div class=\"elementor-widget-container\">\n\t\t\t<h2 class=\"elementor-heading-title elementor-size-default\">Coaching Empresarial<\/h2>\t\t<\/div>\n\t\t\t\t<\/div>\n\t\t\t\t<div class=\"elementor-element elementor-element-41b6d2c elementor-widget elementor-widget-text-editor\" data-id=\"41b6d2c\" data-element_type=\"widget\" data-widget_type=\"text-editor.default\">\n\t\t\t\t<div class=\"elementor-widget-container\">\n\t\t\t\t\t\t\t\t<div class=\"elementor-text-editor elementor-clearfix\">\n\t\t\t\t<p><b>Lograr que las personas y equipos consigan sacar lo mejor de si mismas.<\/b><\/p>\n<p><b>Tenemos a un gran equipo que cuenta con amplia experiencia en <\/b><b>mentoring,&nbsp;<\/b><b>programas y servicios de coaching para empresas<\/b><b> aplicando t\u00e9cnicas y estrategias que tendr\u00e1n impacto en las actitudes, pensamiento y comportamiento.<\/b><\/p>\n<p><b>Modalidad Online y Presencial en Todo Chile. \u00a1Planes Especiales para Pymes!<\/b><\/p>\t\t\t\t\t<\/div>\n\t\t\t\t\t\t<\/div>\n\t\t\t\t<\/div>\n\t\t\t\t<div class=\"elementor-element elementor-element-1a08afb elementor-widget elementor-widget-text-editor\" data-id=\"1a08afb\" data-element_type=\"widget\" data-widget_type=\"text-editor.default\">\n\t\t\t\t<div class=\"elementor-widget-container\">\n\t\t\t\t\t\t\t\t<div class=\"elementor-text-editor elementor-clearfix\">\n\t\t\t\t<p>El <b>Coaching Laboral<\/b> es una conversaci\u00f3n mediante la cual el coach busca abrir nuevas posibilidades de ver las cosas y de acci\u00f3n en la persona, l\u00edder o equipo.<\/p><p>El Coach ayuda a formular, de modo adecuado las preguntas claves que permiten reflexionar, movilizarse y darse cuenta de la situaci\u00f3n que enfrenta la persona o equipo, as\u00ed como a plantear y articular el problema de manera poderosa, obteniendo caminos de soluci\u00f3n pr\u00e1cticos y concretos.<\/p><p>Entregamos las siguientes soluciones de coaching para empresas:<\/p><ul><li>Coaching de Equipos de Trabajo<\/li><li>Coaching para L\u00edderes<\/li><li>Coaching y Mentoring para el desarrollo de talentos<\/li><\/ul><p><span style=\"color: #444444;\"><br \/>\u00a1Te invitamos a contactarte con nosotros! Para m\u00e1s informaci\u00f3n,\u00a0<\/span>haz<span style=\"color: #444444;\"> clic <\/span><b><span style=\"color: #444444;\"><a href=\"#footer\">aqu\u00ed.<\/a><\/span><\/b><\/p>\t\t\t\t\t<\/div>\n\t\t\t\t\t\t<\/div>\n\t\t\t\t<\/div>\n\t\t\t\t<section class=\"elementor-section elementor-inner-section elementor-element elementor-element-4265d08 elementor-section-boxed elementor-section-height-default elementor-section-height-default\" data-id=\"4265d08\" data-element_type=\"section\">\n\t\t\t\t\t\t<div class=\"elementor-container elementor-column-gap-default\">\n\t\t\t\t\t\t\t<div class=\"elementor-row\">\n\t\t\t\t\t<div class=\"elementor-column elementor-col-100 elementor-inner-column elementor-element elementor-element-98cb687\" data-id=\"98cb687\" data-element_type=\"column\">\n\t\t\t<div class=\"elementor-column-wrap elementor-element-populated\">\n\t\t\t\t\t\t\t<div class=\"elementor-widget-wrap\">\n\t\t\t\t\t\t<div class=\"elementor-element elementor-element-1ff3362 elementor-widget elementor-widget-heading\" data-id=\"1ff3362\" data-element_type=\"widget\" data-widget_type=\"heading.default\">\n\t\t\t\t<div class=\"elementor-widget-container\">\n\t\t\t<h2 class=\"elementor-heading-title elementor-size-default\">C\u00e1psulas asociadas<\/h2>\t\t<\/div>\n\t\t\t\t<\/div>\n\t\t\t\t\t\t<\/div>\n\t\t\t\t\t<\/div>\n\t\t<\/div>\n\t\t\t\t\t\t\t\t<\/div>\n\t\t\t\t\t<\/div>\n\t\t<\/section>\n\t\t\t\t<section class=\"elementor-section elementor-inner-section elementor-element elementor-element-128c343 elementor-section-boxed elementor-section-height-default elementor-section-height-default\" data-id=\"128c343\" data-element_type=\"section\">\n\t\t\t\t\t\t<div class=\"elementor-container elementor-column-gap-default\">\n\t\t\t\t\t\t\t<div class=\"elementor-row\">\n\t\t\t\t\t<div class=\"elementor-column elementor-col-33 elementor-inner-column elementor-element elementor-element-c85ffb4\" data-id=\"c85ffb4\" data-element_type=\"column\">\n\t\t\t<div class=\"elementor-column-wrap elementor-element-populated\">\n\t\t\t\t\t\t\t<div class=\"elementor-widget-wrap\">\n\t\t\t\t\t\t<div class=\"elementor-element elementor-element-9693576 elementor-widget elementor-widget-image\" data-id=\"9693576\" data-element_type=\"widget\" data-widget_type=\"image.default\">\n\t\t\t\t<div class=\"elementor-widget-container\">\n\t\t\t\t\t\t\t\t<div class=\"elementor-image\">\n\t\t\t\t\t\t\t\t\t\t\t\t\t<a href=\"https:\/\/paraque.cl\/web\/psicoaching-mindset-bolsa-24-horas\">\n\t\t\t\t\t\t\t<img width=\"800\" height=\"905\" src=\"https:\/\/paraque.cl\/web\/wp-content\/uploads\/2020\/10\/Fotos_capsulas-62-1-905x1024.jpg\" class=\"elementor-animation-grow attachment-large size-large wp-image-1318\" alt=\"\" loading=\"lazy\" srcset=\"https:\/\/paraque.cl\/web\/wp-content\/uploads\/2020\/10\/Fotos_capsulas-62-1-905x1024.jpg 905w, https:\/\/paraque.cl\/web\/wp-content\/uploads\/2020\/10\/Fotos_capsulas-62-1-265x300.jpg 265w, https:\/\/paraque.cl\/web\/wp-content\/uploads\/2020\/10\/Fotos_capsulas-62-1-768x869.jpg 768w, https:\/\/paraque.cl\/web\/wp-content\/uploads\/2020\/10\/Fotos_capsulas-62-1-1357x1536.jpg 1357w, https:\/\/paraque.cl\/web\/wp-content\/uploads\/2020\/10\/Fotos_capsulas-62-1-1810x2048.jpg 1810w\" sizes=\"(max-width: 800px) 100vw, 800px\" \/>\t\t\t\t\t\t\t\t<\/a>\n\t\t\t\t\t\t\t\t\t\t\t\t\t\t<\/div>\n\t\t\t\t\t\t<\/div>\n\t\t\t\t<\/div>\n\t\t\t\t\t\t<\/div>\n\t\t\t\t\t<\/div>\n\t\t<\/div>\n\t\t\t\t<div class=\"elementor-column elementor-col-33 elementor-inner-column elementor-element elementor-element-6ca1e52\" data-id=\"6ca1e52\" data-element_type=\"column\">\n\t\t\t<div class=\"elementor-column-wrap elementor-element-populated\">\n\t\t\t\t\t\t\t<div class=\"elementor-widget-wrap\">\n\t\t\t\t\t\t<div class=\"elementor-element elementor-element-0adcfec elementor-widget elementor-widget-image\" data-id=\"0adcfec\" data-element_type=\"widget\" data-widget_type=\"image.default\">\n\t\t\t\t<div class=\"elementor-widget-container\">\n\t\t\t\t\t\t\t\t<div class=\"elementor-image\">\n\t\t\t\t\t\t\t\t\t\t\t\t\t<a href=\"https:\/\/paraque.cl\/web\/coaching-para-equipos-lideres\">\n\t\t\t\t\t\t\t<img width=\"800\" height=\"886\" src=\"https:\/\/paraque.cl\/web\/wp-content\/uploads\/2020\/10\/Fotos_capsulas-58-1-925x1024.jpg\" class=\"elementor-animation-grow attachment-large size-large wp-image-1315\" alt=\"\" loading=\"lazy\" srcset=\"https:\/\/paraque.cl\/web\/wp-content\/uploads\/2020\/10\/Fotos_capsulas-58-1-925x1024.jpg 925w, https:\/\/paraque.cl\/web\/wp-content\/uploads\/2020\/10\/Fotos_capsulas-58-1-271x300.jpg 271w, https:\/\/paraque.cl\/web\/wp-content\/uploads\/2020\/10\/Fotos_capsulas-58-1-768x850.jpg 768w, https:\/\/paraque.cl\/web\/wp-content\/uploads\/2020\/10\/Fotos_capsulas-58-1-1388x1536.jpg 1388w, https:\/\/paraque.cl\/web\/wp-content\/uploads\/2020\/10\/Fotos_capsulas-58-1-1850x2048.jpg 1850w\" sizes=\"(max-width: 800px) 100vw, 800px\" \/>\t\t\t\t\t\t\t\t<\/a>\n\t\t\t\t\t\t\t\t\t\t\t\t\t\t<\/div>\n\t\t\t\t\t\t<\/div>\n\t\t\t\t<\/div>\n\t\t\t\t\t\t<\/div>\n\t\t\t\t\t<\/div>\n\t\t<\/div>\n\t\t\t\t<div class=\"elementor-column elementor-col-33 elementor-inner-column elementor-element elementor-element-a9b438b\" data-id=\"a9b438b\" data-element_type=\"column\">\n\t\t\t<div class=\"elementor-column-wrap elementor-element-populated\">\n\t\t\t\t\t\t\t<div class=\"elementor-widget-wrap\">\n\t\t\t\t\t\t<div class=\"elementor-element elementor-element-06c17a8 elementor-widget elementor-widget-image\" data-id=\"06c17a8\" data-element_type=\"widget\" data-widget_type=\"image.default\">\n\t\t\t\t<div class=\"elementor-widget-container\">\n\t\t\t\t\t\t\t\t<div class=\"elementor-image\">\n\t\t\t\t\t\t\t\t\t\t\t\t\t<a href=\"https:\/\/paraque.cl\/web\/psicoaching-mindset-individual\">\n\t\t\t\t\t\t\t<img width=\"800\" height=\"905\" src=\"https:\/\/paraque.cl\/web\/wp-content\/uploads\/2020\/10\/Fotos_capsulas-59-1-905x1024.jpg\" class=\"elementor-animation-grow attachment-large size-large wp-image-1322\" alt=\"\" loading=\"lazy\" srcset=\"https:\/\/paraque.cl\/web\/wp-content\/uploads\/2020\/10\/Fotos_capsulas-59-1-905x1024.jpg 905w, https:\/\/paraque.cl\/web\/wp-content\/uploads\/2020\/10\/Fotos_capsulas-59-1-265x300.jpg 265w, https:\/\/paraque.cl\/web\/wp-content\/uploads\/2020\/10\/Fotos_capsulas-59-1-768x869.jpg 768w, https:\/\/paraque.cl\/web\/wp-content\/uploads\/2020\/10\/Fotos_capsulas-59-1-1357x1536.jpg 1357w, https:\/\/paraque.cl\/web\/wp-content\/uploads\/2020\/10\/Fotos_capsulas-59-1-1810x2048.jpg 1810w\" sizes=\"(max-width: 800px) 100vw, 800px\" \/>\t\t\t\t\t\t\t\t<\/a>\n\t\t\t\t\t\t\t\t\t\t\t\t\t\t<\/div>\n\t\t\t\t\t\t<\/div>\n\t\t\t\t<\/div>\n\t\t\t\t\t\t<\/div>\n\t\t\t\t\t<\/div>\n\t\t<\/div>\n\t\t\t\t\t\t\t\t<\/div>\n\t\t\t\t\t<\/div>\n\t\t<\/section>\n\t\t\t\t\t\t<\/div>\n\t\t\t\t\t<\/div>\n\t\t<\/div>\n\t\t\t\t\t\t\t\t<\/div>\n\t\t\t\t\t<\/div>\n\t\t<\/section>\n\t\t\t\t\t\t\t\t\t<\/div>\n\t\t\t<\/div>\n\t\t\t\t\t<\/div>\n\t\t","protected":false},"excerpt":{"rendered":"<p>Nuestras soluciones Coaching Empresarial Lograr que las personas y equipos consigan sacar lo mejor de si mismas. Tenemos a un gran equipo que cuenta con amplia experiencia en mentoring,&nbsp;programas y servicios de coaching para empresas aplicando t\u00e9cnicas y estrategias que tendr\u00e1n impacto en las actitudes, pensamiento y comportamiento. Modalidad Online y Presencial en Todo Chile. [&hellip;]<\/p>\n","protected":false},"author":1,"featured_media":0,"parent":0,"menu_order":0,"comment_status":"closed","ping_status":"closed","template":"elementor_header_footer","meta":[],"yoast_head":"<!-- This site is optimized with the Yoast SEO plugin v15.9.2 - https:\/\/yoast.com\/wordpress\/plugins\/seo\/ -->\n<title>Coaching | Para Qu\u00e9<\/title>\n<meta name=\"robots\" content=\"index, follow, max-snippet:-1, max-image-preview:large, max-video-preview:-1\" \/>\n<link rel=\"canonical\" href=\"https:\/\/paraque.cl\/web\/coaching\/\" \/>\n<meta property=\"og:locale\" content=\"es_ES\" \/>\n<meta property=\"og:type\" content=\"article\" \/>\n<meta property=\"og:title\" content=\"Coaching | Para Qu\u00e9\" \/>\n<meta property=\"og:description\" content=\"Nuestras soluciones Coaching Empresarial Lograr que las personas y equipos consigan sacar lo mejor de si mismas. Tenemos a un gran equipo que cuenta con amplia experiencia en mentoring,&nbsp;programas y servicios de coaching para empresas aplicando t\u00e9cnicas y estrategias que tendr\u00e1n impacto en las actitudes, pensamiento y comportamiento. Modalidad Online y Presencial en Todo Chile. [&hellip;]\" \/>\n<meta property=\"og:url\" content=\"https:\/\/paraque.cl\/web\/coaching\/\" \/>\n<meta property=\"og:site_name\" content=\"Para Qu\u00e9\" \/>\n<meta property=\"article:publisher\" content=\"https:\/\/www.facebook.com\/paraque.cl\" \/>\n<meta property=\"article:modified_time\" content=\"2023-08-30T12:47:32+00:00\" \/>\n<meta property=\"og:image\" content=\"https:\/\/paraque.cl\/web\/wp-content\/uploads\/2020\/10\/iconos_web_coaching-300x300.png\" \/>\n<meta name=\"twitter:card\" content=\"summary_large_image\" \/>\n<meta name=\"twitter:label1\" content=\"Tiempo de lectura\">\n\t<meta name=\"twitter:data1\" content=\"2 minutos\">\n<script type=\"application\/ld+json\" class=\"yoast-schema-graph\">{\"@context\":\"https:\/\/schema.org\",\"@graph\":[{\"@type\":\"WebSite\",\"@id\":\"https:\/\/paraque.cl\/web\/#website\",\"url\":\"https:\/\/paraque.cl\/web\/\",\"name\":\"Para Qu\\u00e9\",\"description\":\"Desata el poder de las personas\",\"potentialAction\":[{\"@type\":\"SearchAction\",\"target\":\"https:\/\/paraque.cl\/web\/?s={search_term_string}\",\"query-input\":\"required name=search_term_string\"}],\"inLanguage\":\"es\"},{\"@type\":\"ImageObject\",\"@id\":\"https:\/\/paraque.cl\/web\/coaching\/#primaryimage\",\"inLanguage\":\"es\",\"url\":\"https:\/\/paraque.cl\/web\/wp-content\/uploads\/2020\/10\/iconos_web_coaching.png\",\"width\":1001,\"height\":1001},{\"@type\":\"WebPage\",\"@id\":\"https:\/\/paraque.cl\/web\/coaching\/#webpage\",\"url\":\"https:\/\/paraque.cl\/web\/coaching\/\",\"name\":\"Coaching | Para Qu\\u00e9\",\"isPartOf\":{\"@id\":\"https:\/\/paraque.cl\/web\/#website\"},\"primaryImageOfPage\":{\"@id\":\"https:\/\/paraque.cl\/web\/coaching\/#primaryimage\"},\"datePublished\":\"2020-10-08T19:22:03+00:00\",\"dateModified\":\"2023-08-30T12:47:32+00:00\",\"breadcrumb\":{\"@id\":\"https:\/\/paraque.cl\/web\/coaching\/#breadcrumb\"},\"inLanguage\":\"es\",\"potentialAction\":[{\"@type\":\"ReadAction\",\"target\":[\"https:\/\/paraque.cl\/web\/coaching\/\"]}]},{\"@type\":\"BreadcrumbList\",\"@id\":\"https:\/\/paraque.cl\/web\/coaching\/#breadcrumb\",\"itemListElement\":[{\"@type\":\"ListItem\",\"position\":1,\"item\":{\"@type\":\"WebPage\",\"@id\":\"https:\/\/paraque.cl\/web\/\",\"url\":\"https:\/\/paraque.cl\/web\/\",\"name\":\"Portada\"}},{\"@type\":\"ListItem\",\"position\":2,\"item\":{\"@type\":\"WebPage\",\"@id\":\"https:\/\/paraque.cl\/web\/coaching\/\",\"url\":\"https:\/\/paraque.cl\/web\/coaching\/\",\"name\":\"Coaching\"}}]}]}<\/script>\n<!-- \/ Yoast SEO plugin. -->","_links":{"self":[{"href":"https:\/\/paraque.cl\/web\/wp-json\/wp\/v2\/pages\/710"}],"collection":[{"href":"https:\/\/paraque.cl\/web\/wp-json\/wp\/v2\/pages"}],"about":[{"href":"https:\/\/paraque.cl\/web\/wp-json\/wp\/v2\/types\/page"}],"author":[{"embeddable":true,"href":"https:\/\/paraque.cl\/web\/wp-json\/wp\/v2\/users\/1"}],"replies":[{"embeddable":true,"href":"https:\/\/paraque.cl\/web\/wp-json\/wp\/v2\/comments?post=710"}],"version-history":[{"count":52,"href":"https:\/\/paraque.cl\/web\/wp-json\/wp\/v2\/pages\/710\/revisions"}],"predecessor-version":[{"id":1984,"href":"https:\/\/paraque.cl\/web\/wp-json\/wp\/v2\/pages\/710\/revisions\/1984"}],"wp:attachment":[{"href":"https:\/\/paraque.cl\/web\/wp-json\/wp\/v2\/media?parent=710"}],"curies":[{"name":"wp","href":"https:\/\/api.w.org\/{rel}","templated":true}]}}