{"id":704,"date":"2020-10-08T19:18:30","date_gmt":"2020-10-08T19:18:30","guid":{"rendered":"https:\/\/paraque.cl\/web\/?page_id=704"},"modified":"2023-08-30T13:02:05","modified_gmt":"2023-08-30T13:02:05","slug":"capacitacion","status":"publish","type":"page","link":"https:\/\/paraque.cl\/web\/capacitacion\/","title":{"rendered":"Capacitaci\u00f3n"},"content":{"rendered":"\t\t<div data-elementor-type=\"wp-page\" data-elementor-id=\"704\" class=\"elementor elementor-704\">\n\t\t\t\t\t\t<div class=\"elementor-inner\">\n\t\t\t\t<div class=\"elementor-section-wrap\">\n\t\t\t\t\t\t\t\t\t<section class=\"elementor-section elementor-top-section elementor-element elementor-element-b9359ee elementor-section-full_width elementor-section-height-default elementor-section-height-default\" data-id=\"b9359ee\" data-element_type=\"section\" data-settings=\"{&quot;background_background&quot;:&quot;classic&quot;}\">\n\t\t\t\t\t\t<div class=\"elementor-container elementor-column-gap-default\">\n\t\t\t\t\t\t\t<div class=\"elementor-row\">\n\t\t\t\t\t<div class=\"elementor-column elementor-col-100 elementor-top-column elementor-element elementor-element-27bb0c1\" data-id=\"27bb0c1\" data-element_type=\"column\">\n\t\t\t<div class=\"elementor-column-wrap elementor-element-populated\">\n\t\t\t\t\t\t\t<div class=\"elementor-widget-wrap\">\n\t\t\t\t\t\t<div class=\"elementor-element elementor-element-f03dd8c elementor-widget elementor-widget-heading\" data-id=\"f03dd8c\" data-element_type=\"widget\" data-widget_type=\"heading.default\">\n\t\t\t\t<div class=\"elementor-widget-container\">\n\t\t\t<h2 class=\"elementor-heading-title elementor-size-default\">Nuestras soluciones<\/h2>\t\t<\/div>\n\t\t\t\t<\/div>\n\t\t\t\t<div class=\"elementor-element elementor-element-8492de8 elementor-widget-divider--view-line elementor-widget elementor-widget-divider\" data-id=\"8492de8\" data-element_type=\"widget\" data-widget_type=\"divider.default\">\n\t\t\t\t<div class=\"elementor-widget-container\">\n\t\t\t\t\t<div class=\"elementor-divider\">\n\t\t\t<span class=\"elementor-divider-separator\">\n\t\t\t\t\t\t<\/span>\n\t\t<\/div>\n\t\t\t\t<\/div>\n\t\t\t\t<\/div>\n\t\t\t\t\t\t<\/div>\n\t\t\t\t\t<\/div>\n\t\t<\/div>\n\t\t\t\t\t\t\t\t<\/div>\n\t\t\t\t\t<\/div>\n\t\t<\/section>\n\t\t\t\t<section class=\"elementor-section elementor-top-section elementor-element elementor-element-3d8b7b6 elementor-section-full_width elementor-section-height-default elementor-section-height-default\" data-id=\"3d8b7b6\" data-element_type=\"section\">\n\t\t\t\t\t\t<div class=\"elementor-container elementor-column-gap-default\">\n\t\t\t\t\t\t\t<div class=\"elementor-row\">\n\t\t\t\t\t<div class=\"elementor-column elementor-col-50 elementor-top-column elementor-element elementor-element-02c3c27\" data-id=\"02c3c27\" data-element_type=\"column\" data-settings=\"{&quot;background_background&quot;:&quot;classic&quot;}\">\n\t\t\t<div class=\"elementor-column-wrap elementor-element-populated\">\n\t\t\t\t\t\t\t<div class=\"elementor-widget-wrap\">\n\t\t\t\t\t\t<div class=\"elementor-element elementor-element-704c9ba elementor-widget elementor-widget-image\" data-id=\"704c9ba\" data-element_type=\"widget\" data-widget_type=\"image.default\">\n\t\t\t\t<div class=\"elementor-widget-container\">\n\t\t\t\t\t\t\t\t<div class=\"elementor-image\">\n\t\t\t\t\t\t\t\t\t\t\t\t<img width=\"300\" height=\"300\" src=\"https:\/\/paraque.cl\/web\/wp-content\/uploads\/2020\/10\/iconos_web_capacitacion-300x300.png\" class=\"attachment-medium size-medium wp-image-707\" alt=\"\" loading=\"lazy\" srcset=\"https:\/\/paraque.cl\/web\/wp-content\/uploads\/2020\/10\/iconos_web_capacitacion-300x300.png 300w, https:\/\/paraque.cl\/web\/wp-content\/uploads\/2020\/10\/iconos_web_capacitacion-150x150.png 150w, https:\/\/paraque.cl\/web\/wp-content\/uploads\/2020\/10\/iconos_web_capacitacion-768x768.png 768w, https:\/\/paraque.cl\/web\/wp-content\/uploads\/2020\/10\/iconos_web_capacitacion.png 1001w\" sizes=\"(max-width: 300px) 100vw, 300px\" \/>\t\t\t\t\t\t\t\t\t\t\t\t\t\t<\/div>\n\t\t\t\t\t\t<\/div>\n\t\t\t\t<\/div>\n\t\t\t\t\t\t<\/div>\n\t\t\t\t\t<\/div>\n\t\t<\/div>\n\t\t\t\t<div class=\"elementor-column elementor-col-50 elementor-top-column elementor-element elementor-element-136cd71\" data-id=\"136cd71\" data-element_type=\"column\">\n\t\t\t<div class=\"elementor-column-wrap elementor-element-populated\">\n\t\t\t\t\t\t\t<div class=\"elementor-widget-wrap\">\n\t\t\t\t\t\t<div class=\"elementor-element elementor-element-39c0408 elementor-widget elementor-widget-heading\" data-id=\"39c0408\" data-element_type=\"widget\" data-widget_type=\"heading.default\">\n\t\t\t\t<div class=\"elementor-widget-container\">\n\t\t\t<h2 class=\"elementor-heading-title elementor-size-default\">Capacitaci\u00f3n Laboral<\/h2>\t\t<\/div>\n\t\t\t\t<\/div>\n\t\t\t\t<div class=\"elementor-element elementor-element-c34ccf2 elementor-widget elementor-widget-text-editor\" data-id=\"c34ccf2\" data-element_type=\"widget\" data-widget_type=\"text-editor.default\">\n\t\t\t\t<div class=\"elementor-widget-container\">\n\t\t\t\t\t\t\t\t<div class=\"elementor-text-editor elementor-clearfix\">\n\t\t\t\t<p><b>En la capacitaci\u00f3n en recursos humanos trabajamos el talento y desarrollo de las personas y equipos a trav\u00e9s de <\/b><b>formaci\u00f3n y entrenamiento para empresas, t<\/b><b>ransformando la gesti\u00f3n del talento humano, las acciones de formaci\u00f3n y entrenamiento en un aspecto clave para alcanzar el \u00e9xito de tu empresa.<\/b><\/p>\n<p><b>Modalidad Online y Presencial en Todo Chile. \u00a1Planes Especiales para Pymes!<\/b><\/p>\t\t\t\t\t<\/div>\n\t\t\t\t\t\t<\/div>\n\t\t\t\t<\/div>\n\t\t\t\t<div class=\"elementor-element elementor-element-1a08afb elementor-widget elementor-widget-text-editor\" data-id=\"1a08afb\" data-element_type=\"widget\" data-widget_type=\"text-editor.default\">\n\t\t\t\t<div class=\"elementor-widget-container\">\n\t\t\t\t\t\t\t\t<div class=\"elementor-text-editor elementor-clearfix\">\n\t\t\t\t<p>En Para Qu\u00e9 hemos desarrollado m\u00e9todos de capacitaci\u00f3n y formaci\u00f3n incorporando t\u00e9cnicas de andragog\u00eda (como aprenden los adultos), estrategias de ense\u00f1anza\/aprendizaje activas y participativas y metodolog\u00edas de aplicaci\u00f3n de lo aprendido al trabajo.<\/p><p>Nuestro equipo est\u00e1 disponible para ayudarte en el desarrollo de las personas de tu organizaci\u00f3n. Contamos con amplia experiencia en <b>capacitaciones para equipos de trabajo<\/b> para as\u00ed brindar soluciones a la medida y orientadas a mejorar diversos \u00e1mbitos propios de los equipos, liderazgos y organizaciones.<\/p><p>A continuaci\u00f3n, encontrar\u00e1s solo algunos ejemplos de <b>programas de capacitaci\u00f3n<\/b> disponibles, todos orientados a brindar el mayor impacto y los resultados m\u00e1s efectivos:<\/p>\t\t\t\t\t<\/div>\n\t\t\t\t\t\t<\/div>\n\t\t\t\t<\/div>\n\t\t\t\t<div class=\"elementor-element elementor-element-76cb7dd elementor-widget elementor-widget-text-editor\" data-id=\"76cb7dd\" data-element_type=\"widget\" data-widget_type=\"text-editor.default\">\n\t\t\t\t<div class=\"elementor-widget-container\">\n\t\t\t\t\t\t\t\t<div class=\"elementor-text-editor elementor-clearfix\">\n\t\t\t\t<ul><li>Autoliderazgo y Proactividad<\/li><li>Talleres de comunicaci\u00f3n asertiva y emp\u00e1tica<\/li><li>Trabajo en Equipo y Colaboraci\u00f3n<\/li><li>Liderazgo Adaptativo<\/li><li>Como cautivar a tu p\u00fablico, presentaciones alto impacto y oratoria<\/li><li>Gesti\u00f3n del tiempo y la energ\u00eda<\/li><li>Comunicaci\u00f3n y relaciones positivas<\/li><li>Manejo de conflictos y conversaciones inc\u00f3modas<\/li><\/ul><p><span style=\"color: #444444;\"><br \/>\u00a1Te invitamos a contactarte con nosotros! Para m\u00e1s informaci\u00f3n,\u00a0<\/span>haz<span style=\"color: #444444;\"> clic <\/span><b><span style=\"color: #444444;\"><a href=\"#footer\">aqu\u00ed.<\/a><\/span><\/b><\/p>\t\t\t\t\t<\/div>\n\t\t\t\t\t\t<\/div>\n\t\t\t\t<\/div>\n\t\t\t\t\t\t<\/div>\n\t\t\t\t\t<\/div>\n\t\t<\/div>\n\t\t\t\t\t\t\t\t<\/div>\n\t\t\t\t\t<\/div>\n\t\t<\/section>\n\t\t\t\t\t\t\t\t\t<\/div>\n\t\t\t<\/div>\n\t\t\t\t\t<\/div>\n\t\t","protected":false},"excerpt":{"rendered":"<p>Nuestras soluciones Capacitaci\u00f3n Laboral En la capacitaci\u00f3n en recursos humanos trabajamos el talento y desarrollo de las personas y equipos a trav\u00e9s de formaci\u00f3n y entrenamiento para empresas, transformando la gesti\u00f3n del talento humano, las acciones de formaci\u00f3n y entrenamiento en un aspecto clave para alcanzar el \u00e9xito de tu empresa. Modalidad Online y Presencial [&hellip;]<\/p>\n","protected":false},"author":1,"featured_media":0,"parent":0,"menu_order":0,"comment_status":"closed","ping_status":"closed","template":"elementor_header_footer","meta":[],"yoast_head":"<!-- This site is optimized with the Yoast SEO plugin v15.9.2 - https:\/\/yoast.com\/wordpress\/plugins\/seo\/ -->\n<title>Capacitaci\u00f3n | Para Qu\u00e9<\/title>\n<meta name=\"robots\" content=\"index, follow, max-snippet:-1, max-image-preview:large, max-video-preview:-1\" \/>\n<link rel=\"canonical\" href=\"https:\/\/paraque.cl\/web\/capacitacion\/\" \/>\n<meta property=\"og:locale\" content=\"es_ES\" \/>\n<meta property=\"og:type\" content=\"article\" \/>\n<meta property=\"og:title\" content=\"Capacitaci\u00f3n | Para Qu\u00e9\" \/>\n<meta property=\"og:description\" content=\"Nuestras soluciones Capacitaci\u00f3n Laboral En la capacitaci\u00f3n en recursos humanos trabajamos el talento y desarrollo de las personas y equipos a trav\u00e9s de formaci\u00f3n y entrenamiento para empresas, transformando la gesti\u00f3n del talento humano, las acciones de formaci\u00f3n y entrenamiento en un aspecto clave para alcanzar el \u00e9xito de tu empresa. Modalidad Online y Presencial [&hellip;]\" \/>\n<meta property=\"og:url\" content=\"https:\/\/paraque.cl\/web\/capacitacion\/\" \/>\n<meta property=\"og:site_name\" content=\"Para Qu\u00e9\" \/>\n<meta property=\"article:publisher\" content=\"https:\/\/www.facebook.com\/paraque.cl\" \/>\n<meta property=\"article:modified_time\" content=\"2023-08-30T13:02:05+00:00\" \/>\n<meta property=\"og:image\" content=\"https:\/\/paraque.cl\/web\/wp-content\/uploads\/2020\/10\/iconos_web_capacitacion-300x300.png\" \/>\n<meta name=\"twitter:card\" content=\"summary_large_image\" \/>\n<meta name=\"twitter:label1\" content=\"Tiempo de lectura\">\n\t<meta name=\"twitter:data1\" content=\"2 minutos\">\n<script type=\"application\/ld+json\" class=\"yoast-schema-graph\">{\"@context\":\"https:\/\/schema.org\",\"@graph\":[{\"@type\":\"WebSite\",\"@id\":\"https:\/\/paraque.cl\/web\/#website\",\"url\":\"https:\/\/paraque.cl\/web\/\",\"name\":\"Para Qu\\u00e9\",\"description\":\"Desata el poder de las personas\",\"potentialAction\":[{\"@type\":\"SearchAction\",\"target\":\"https:\/\/paraque.cl\/web\/?s={search_term_string}\",\"query-input\":\"required name=search_term_string\"}],\"inLanguage\":\"es\"},{\"@type\":\"ImageObject\",\"@id\":\"https:\/\/paraque.cl\/web\/capacitacion\/#primaryimage\",\"inLanguage\":\"es\",\"url\":\"https:\/\/paraque.cl\/web\/wp-content\/uploads\/2020\/10\/iconos_web_capacitacion.png\",\"width\":1001,\"height\":1001},{\"@type\":\"WebPage\",\"@id\":\"https:\/\/paraque.cl\/web\/capacitacion\/#webpage\",\"url\":\"https:\/\/paraque.cl\/web\/capacitacion\/\",\"name\":\"Capacitaci\\u00f3n | Para Qu\\u00e9\",\"isPartOf\":{\"@id\":\"https:\/\/paraque.cl\/web\/#website\"},\"primaryImageOfPage\":{\"@id\":\"https:\/\/paraque.cl\/web\/capacitacion\/#primaryimage\"},\"datePublished\":\"2020-10-08T19:18:30+00:00\",\"dateModified\":\"2023-08-30T13:02:05+00:00\",\"breadcrumb\":{\"@id\":\"https:\/\/paraque.cl\/web\/capacitacion\/#breadcrumb\"},\"inLanguage\":\"es\",\"potentialAction\":[{\"@type\":\"ReadAction\",\"target\":[\"https:\/\/paraque.cl\/web\/capacitacion\/\"]}]},{\"@type\":\"BreadcrumbList\",\"@id\":\"https:\/\/paraque.cl\/web\/capacitacion\/#breadcrumb\",\"itemListElement\":[{\"@type\":\"ListItem\",\"position\":1,\"item\":{\"@type\":\"WebPage\",\"@id\":\"https:\/\/paraque.cl\/web\/\",\"url\":\"https:\/\/paraque.cl\/web\/\",\"name\":\"Portada\"}},{\"@type\":\"ListItem\",\"position\":2,\"item\":{\"@type\":\"WebPage\",\"@id\":\"https:\/\/paraque.cl\/web\/capacitacion\/\",\"url\":\"https:\/\/paraque.cl\/web\/capacitacion\/\",\"name\":\"Capacitaci\\u00f3n\"}}]}]}<\/script>\n<!-- \/ Yoast SEO plugin. -->","_links":{"self":[{"href":"https:\/\/paraque.cl\/web\/wp-json\/wp\/v2\/pages\/704"}],"collection":[{"href":"https:\/\/paraque.cl\/web\/wp-json\/wp\/v2\/pages"}],"about":[{"href":"https:\/\/paraque.cl\/web\/wp-json\/wp\/v2\/types\/page"}],"author":[{"embeddable":true,"href":"https:\/\/paraque.cl\/web\/wp-json\/wp\/v2\/users\/1"}],"replies":[{"embeddable":true,"href":"https:\/\/paraque.cl\/web\/wp-json\/wp\/v2\/comments?post=704"}],"version-history":[{"count":35,"href":"https:\/\/paraque.cl\/web\/wp-json\/wp\/v2\/pages\/704\/revisions"}],"predecessor-version":[{"id":1991,"href":"https:\/\/paraque.cl\/web\/wp-json\/wp\/v2\/pages\/704\/revisions\/1991"}],"wp:attachment":[{"href":"https:\/\/paraque.cl\/web\/wp-json\/wp\/v2\/media?parent=704"}],"curies":[{"name":"wp","href":"https:\/\/api.w.org\/{rel}","templated":true}]}}