{"id":674,"date":"2020-10-08T00:54:15","date_gmt":"2020-10-08T00:54:15","guid":{"rendered":"https:\/\/paraque.cl\/web\/?page_id=674"},"modified":"2022-01-27T22:11:02","modified_gmt":"2022-01-27T22:11:02","slug":"gestion-del-vinculo-inteligencia-emocional-y-confianza","status":"publish","type":"page","link":"https:\/\/paraque.cl\/web\/gestion-del-vinculo-inteligencia-emocional-y-confianza\/","title":{"rendered":"Gesti\u00f3n del v\u00ednculo, Inteligencia Emocional y Confianza"},"content":{"rendered":"\t\t<div data-elementor-type=\"wp-page\" data-elementor-id=\"674\" class=\"elementor elementor-674\">\n\t\t\t\t\t\t<div class=\"elementor-inner\">\n\t\t\t\t<div class=\"elementor-section-wrap\">\n\t\t\t\t\t\t\t\t\t<section class=\"elementor-section elementor-top-section elementor-element elementor-element-b9359ee elementor-section-full_width elementor-section-height-default elementor-section-height-default\" data-id=\"b9359ee\" data-element_type=\"section\" data-settings=\"{&quot;background_background&quot;:&quot;classic&quot;}\">\n\t\t\t\t\t\t<div class=\"elementor-container elementor-column-gap-default\">\n\t\t\t\t\t\t\t<div class=\"elementor-row\">\n\t\t\t\t\t<div class=\"elementor-column elementor-col-100 elementor-top-column elementor-element elementor-element-27bb0c1\" data-id=\"27bb0c1\" data-element_type=\"column\">\n\t\t\t<div class=\"elementor-column-wrap elementor-element-populated\">\n\t\t\t\t\t\t\t<div class=\"elementor-widget-wrap\">\n\t\t\t\t\t\t<div class=\"elementor-element elementor-element-f03dd8c elementor-widget elementor-widget-heading\" data-id=\"f03dd8c\" data-element_type=\"widget\" data-widget_type=\"heading.default\">\n\t\t\t\t<div class=\"elementor-widget-container\">\n\t\t\t<h2 class=\"elementor-heading-title elementor-size-default\">Nuestras soluciones<\/h2>\t\t<\/div>\n\t\t\t\t<\/div>\n\t\t\t\t<div class=\"elementor-element elementor-element-8492de8 elementor-widget-divider--view-line elementor-widget elementor-widget-divider\" data-id=\"8492de8\" data-element_type=\"widget\" data-widget_type=\"divider.default\">\n\t\t\t\t<div class=\"elementor-widget-container\">\n\t\t\t\t\t<div class=\"elementor-divider\">\n\t\t\t<span class=\"elementor-divider-separator\">\n\t\t\t\t\t\t<\/span>\n\t\t<\/div>\n\t\t\t\t<\/div>\n\t\t\t\t<\/div>\n\t\t\t\t\t\t<\/div>\n\t\t\t\t\t<\/div>\n\t\t<\/div>\n\t\t\t\t\t\t\t\t<\/div>\n\t\t\t\t\t<\/div>\n\t\t<\/section>\n\t\t\t\t<section class=\"elementor-section elementor-top-section elementor-element elementor-element-3d8b7b6 elementor-section-full_width elementor-section-height-default elementor-section-height-default\" data-id=\"3d8b7b6\" data-element_type=\"section\">\n\t\t\t\t\t\t<div class=\"elementor-container elementor-column-gap-default\">\n\t\t\t\t\t\t\t<div class=\"elementor-row\">\n\t\t\t\t\t<div class=\"elementor-column elementor-col-50 elementor-top-column elementor-element elementor-element-02c3c27\" data-id=\"02c3c27\" data-element_type=\"column\" data-settings=\"{&quot;background_background&quot;:&quot;classic&quot;}\">\n\t\t\t<div class=\"elementor-column-wrap elementor-element-populated\">\n\t\t\t\t\t\t\t<div class=\"elementor-widget-wrap\">\n\t\t\t\t\t\t<div class=\"elementor-element elementor-element-704c9ba elementor-widget elementor-widget-image\" data-id=\"704c9ba\" data-element_type=\"widget\" data-widget_type=\"image.default\">\n\t\t\t\t<div class=\"elementor-widget-container\">\n\t\t\t\t\t\t\t\t<div class=\"elementor-image\">\n\t\t\t\t\t\t\t\t\t\t\t\t<img width=\"300\" height=\"300\" src=\"https:\/\/paraque.cl\/web\/wp-content\/uploads\/2020\/10\/iconos_web_icono_gestionvinculo-300x300.png\" class=\"attachment-medium size-medium wp-image-678\" alt=\"\" loading=\"lazy\" srcset=\"https:\/\/paraque.cl\/web\/wp-content\/uploads\/2020\/10\/iconos_web_icono_gestionvinculo-300x300.png 300w, https:\/\/paraque.cl\/web\/wp-content\/uploads\/2020\/10\/iconos_web_icono_gestionvinculo-150x150.png 150w, https:\/\/paraque.cl\/web\/wp-content\/uploads\/2020\/10\/iconos_web_icono_gestionvinculo-768x767.png 768w, https:\/\/paraque.cl\/web\/wp-content\/uploads\/2020\/10\/iconos_web_icono_gestionvinculo.png 918w\" sizes=\"(max-width: 300px) 100vw, 300px\" \/>\t\t\t\t\t\t\t\t\t\t\t\t\t\t<\/div>\n\t\t\t\t\t\t<\/div>\n\t\t\t\t<\/div>\n\t\t\t\t\t\t<\/div>\n\t\t\t\t\t<\/div>\n\t\t<\/div>\n\t\t\t\t<div class=\"elementor-column elementor-col-50 elementor-top-column elementor-element elementor-element-136cd71\" data-id=\"136cd71\" data-element_type=\"column\">\n\t\t\t<div class=\"elementor-column-wrap elementor-element-populated\">\n\t\t\t\t\t\t\t<div class=\"elementor-widget-wrap\">\n\t\t\t\t\t\t<div class=\"elementor-element elementor-element-39c0408 elementor-widget elementor-widget-heading\" data-id=\"39c0408\" data-element_type=\"widget\" data-widget_type=\"heading.default\">\n\t\t\t\t<div class=\"elementor-widget-container\">\n\t\t\t<h2 class=\"elementor-heading-title elementor-size-default\">Ayudamos en la gesti\u00f3n del v\u00ednculo, inteligencia emocional y confianza en tu empresa<\/h2>\t\t<\/div>\n\t\t\t\t<\/div>\n\t\t\t\t<div class=\"elementor-element elementor-element-c34ccf2 elementor-widget elementor-widget-text-editor\" data-id=\"c34ccf2\" data-element_type=\"widget\" data-widget_type=\"text-editor.default\">\n\t\t\t\t<div class=\"elementor-widget-container\">\n\t\t\t\t\t\t\t\t<div class=\"elementor-text-editor elementor-clearfix\">\n\t\t\t\t<p><strong>Para fortalecer el tejido social dentro y fuera de la organizaci\u00f3n es necesario cultivar y trabajar el v\u00ednculo.<\/strong><\/p><p><b>Modalidad Online y Presencial en Todo Chile. \u00a1Planes Especiales para Pymes!<\/b><\/p>\t\t\t\t\t<\/div>\n\t\t\t\t\t\t<\/div>\n\t\t\t\t<\/div>\n\t\t\t\t<div class=\"elementor-element elementor-element-1a08afb elementor-widget elementor-widget-text-editor\" data-id=\"1a08afb\" data-element_type=\"widget\" data-widget_type=\"text-editor.default\">\n\t\t\t\t<div class=\"elementor-widget-container\">\n\t\t\t\t\t\t\t\t<div class=\"elementor-text-editor elementor-clearfix\">\n\t\t\t\t<p>Ya no se habla de futuro al considerar que el desarrollo de los colaboradores est\u00e1 \u00edntimamente ligado a la capacidad de autoconocimiento, reflexi\u00f3n, creaci\u00f3n de v\u00ednculos y coherencia en lo que hacemos.<\/p><p>Para regenerar o fortalecer el tejido social dentro y fuera de la organizaci\u00f3n es necesario cultivar y trabajar el v\u00ednculo, lo que genera confianza, la confianza produce bienestar y el bienestar facilita la colaboraci\u00f3n y buen desempe\u00f1o.<\/p><p>En esta l\u00ednea de intervenci\u00f3n el elemento clave ser\u00e1 el abordar la gesti\u00f3n del v\u00ednculo emocional, el desarrollo de la inteligencia emocional y c\u00f3mo podemos construir confianza (y tambi\u00e9n sobre lo que la destruye), lo que finalmente hace que un colaborador no se vaya a otra empresa por mejores condiciones, o que un cliente nos prefiera y compre algo de las mismas caracter\u00edsticas aunque sea m\u00e1s caro o que contin\u00fae con nosotros a pesar de un error puntual.<\/p>\t\t\t\t\t<\/div>\n\t\t\t\t\t\t<\/div>\n\t\t\t\t<\/div>\n\t\t\t\t<section class=\"elementor-section elementor-inner-section elementor-element elementor-element-485328e elementor-section-boxed elementor-section-height-default elementor-section-height-default\" data-id=\"485328e\" data-element_type=\"section\">\n\t\t\t\t\t\t<div class=\"elementor-container elementor-column-gap-default\">\n\t\t\t\t\t\t\t<div class=\"elementor-row\">\n\t\t\t\t\t<div class=\"elementor-column elementor-col-100 elementor-inner-column elementor-element elementor-element-22e1052\" data-id=\"22e1052\" data-element_type=\"column\">\n\t\t\t<div class=\"elementor-column-wrap elementor-element-populated\">\n\t\t\t\t\t\t\t<div class=\"elementor-widget-wrap\">\n\t\t\t\t\t\t<div class=\"elementor-element elementor-element-ac126ee elementor-widget elementor-widget-heading\" data-id=\"ac126ee\" data-element_type=\"widget\" data-widget_type=\"heading.default\">\n\t\t\t\t<div class=\"elementor-widget-container\">\n\t\t\t<h2 class=\"elementor-heading-title elementor-size-default\">C\u00e1psulas asociadas<\/h2>\t\t<\/div>\n\t\t\t\t<\/div>\n\t\t\t\t\t\t<\/div>\n\t\t\t\t\t<\/div>\n\t\t<\/div>\n\t\t\t\t\t\t\t\t<\/div>\n\t\t\t\t\t<\/div>\n\t\t<\/section>\n\t\t\t\t<section class=\"elementor-section elementor-inner-section elementor-element elementor-element-d38762f elementor-section-boxed elementor-section-height-default elementor-section-height-default\" data-id=\"d38762f\" data-element_type=\"section\">\n\t\t\t\t\t\t<div class=\"elementor-container elementor-column-gap-default\">\n\t\t\t\t\t\t\t<div class=\"elementor-row\">\n\t\t\t\t\t<div class=\"elementor-column elementor-col-33 elementor-inner-column elementor-element elementor-element-4eba7b8\" data-id=\"4eba7b8\" data-element_type=\"column\">\n\t\t\t<div class=\"elementor-column-wrap elementor-element-populated\">\n\t\t\t\t\t\t\t<div class=\"elementor-widget-wrap\">\n\t\t\t\t\t\t<div class=\"elementor-element elementor-element-7b8c6e3 elementor-widget elementor-widget-image\" data-id=\"7b8c6e3\" data-element_type=\"widget\" data-widget_type=\"image.default\">\n\t\t\t\t<div class=\"elementor-widget-container\">\n\t\t\t\t\t\t\t\t<div class=\"elementor-image\">\n\t\t\t\t\t\t\t\t\t\t\t\t\t<a href=\"https:\/\/paraque.cl\/web\/gestion-del-vinculo-y-la-confianza\">\n\t\t\t\t\t\t\t<img width=\"800\" height=\"876\" src=\"https:\/\/paraque.cl\/web\/wp-content\/uploads\/2020\/10\/Fotos_capsulas-53-1-935x1024.jpg\" class=\"elementor-animation-grow attachment-large size-large wp-image-1310\" alt=\"\" loading=\"lazy\" srcset=\"https:\/\/paraque.cl\/web\/wp-content\/uploads\/2020\/10\/Fotos_capsulas-53-1-935x1024.jpg 935w, https:\/\/paraque.cl\/web\/wp-content\/uploads\/2020\/10\/Fotos_capsulas-53-1-274x300.jpg 274w, https:\/\/paraque.cl\/web\/wp-content\/uploads\/2020\/10\/Fotos_capsulas-53-1-768x841.jpg 768w, https:\/\/paraque.cl\/web\/wp-content\/uploads\/2020\/10\/Fotos_capsulas-53-1-1403x1536.jpg 1403w, https:\/\/paraque.cl\/web\/wp-content\/uploads\/2020\/10\/Fotos_capsulas-53-1-1871x2048.jpg 1871w\" sizes=\"(max-width: 800px) 100vw, 800px\" \/>\t\t\t\t\t\t\t\t<\/a>\n\t\t\t\t\t\t\t\t\t\t\t\t\t\t<\/div>\n\t\t\t\t\t\t<\/div>\n\t\t\t\t<\/div>\n\t\t\t\t\t\t<\/div>\n\t\t\t\t\t<\/div>\n\t\t<\/div>\n\t\t\t\t<div class=\"elementor-column elementor-col-33 elementor-inner-column elementor-element elementor-element-46e2313\" data-id=\"46e2313\" data-element_type=\"column\">\n\t\t\t<div class=\"elementor-column-wrap elementor-element-populated\">\n\t\t\t\t\t\t\t<div class=\"elementor-widget-wrap\">\n\t\t\t\t\t\t<div class=\"elementor-element elementor-element-e3f0c7a elementor-widget elementor-widget-image\" data-id=\"e3f0c7a\" data-element_type=\"widget\" data-widget_type=\"image.default\">\n\t\t\t\t<div class=\"elementor-widget-container\">\n\t\t\t\t\t\t\t\t<div class=\"elementor-image\">\n\t\t\t\t\t\t\t\t\t\t\t\t\t<a href=\"https:\/\/paraque.cl\/web\/equipo-contento-equipo-potente-equipo-efectivo\">\n\t\t\t\t\t\t\t<img width=\"800\" height=\"878\" src=\"https:\/\/paraque.cl\/web\/wp-content\/uploads\/2020\/10\/Fotos_capsulas-56-1-933x1024.jpg\" class=\"elementor-animation-grow attachment-large size-large wp-image-1313\" alt=\"\" loading=\"lazy\" srcset=\"https:\/\/paraque.cl\/web\/wp-content\/uploads\/2020\/10\/Fotos_capsulas-56-1-933x1024.jpg 933w, https:\/\/paraque.cl\/web\/wp-content\/uploads\/2020\/10\/Fotos_capsulas-56-1-273x300.jpg 273w, https:\/\/paraque.cl\/web\/wp-content\/uploads\/2020\/10\/Fotos_capsulas-56-1-768x843.jpg 768w, https:\/\/paraque.cl\/web\/wp-content\/uploads\/2020\/10\/Fotos_capsulas-56-1-1399x1536.jpg 1399w, https:\/\/paraque.cl\/web\/wp-content\/uploads\/2020\/10\/Fotos_capsulas-56-1-1865x2048.jpg 1865w\" sizes=\"(max-width: 800px) 100vw, 800px\" \/>\t\t\t\t\t\t\t\t<\/a>\n\t\t\t\t\t\t\t\t\t\t\t\t\t\t<\/div>\n\t\t\t\t\t\t<\/div>\n\t\t\t\t<\/div>\n\t\t\t\t\t\t<\/div>\n\t\t\t\t\t<\/div>\n\t\t<\/div>\n\t\t\t\t<div class=\"elementor-column elementor-col-33 elementor-inner-column elementor-element elementor-element-9eea888\" data-id=\"9eea888\" data-element_type=\"column\">\n\t\t\t<div class=\"elementor-column-wrap elementor-element-populated\">\n\t\t\t\t\t\t\t<div class=\"elementor-widget-wrap\">\n\t\t\t\t\t\t<div class=\"elementor-element elementor-element-c8189a3 elementor-widget elementor-widget-image\" data-id=\"c8189a3\" data-element_type=\"widget\" data-widget_type=\"image.default\">\n\t\t\t\t<div class=\"elementor-widget-container\">\n\t\t\t\t\t\t\t\t<div class=\"elementor-image\">\n\t\t\t\t\t\t\t\t\t\t\t\t\t<a href=\"https:\/\/paraque.cl\/web\/coaching-para-equipos-lideres\">\n\t\t\t\t\t\t\t<img width=\"800\" height=\"886\" src=\"https:\/\/paraque.cl\/web\/wp-content\/uploads\/2020\/10\/Fotos_capsulas-58-1-925x1024.jpg\" class=\"elementor-animation-grow attachment-large size-large wp-image-1315\" alt=\"\" loading=\"lazy\" srcset=\"https:\/\/paraque.cl\/web\/wp-content\/uploads\/2020\/10\/Fotos_capsulas-58-1-925x1024.jpg 925w, https:\/\/paraque.cl\/web\/wp-content\/uploads\/2020\/10\/Fotos_capsulas-58-1-271x300.jpg 271w, https:\/\/paraque.cl\/web\/wp-content\/uploads\/2020\/10\/Fotos_capsulas-58-1-768x850.jpg 768w, https:\/\/paraque.cl\/web\/wp-content\/uploads\/2020\/10\/Fotos_capsulas-58-1-1388x1536.jpg 1388w, https:\/\/paraque.cl\/web\/wp-content\/uploads\/2020\/10\/Fotos_capsulas-58-1-1850x2048.jpg 1850w\" sizes=\"(max-width: 800px) 100vw, 800px\" \/>\t\t\t\t\t\t\t\t<\/a>\n\t\t\t\t\t\t\t\t\t\t\t\t\t\t<\/div>\n\t\t\t\t\t\t<\/div>\n\t\t\t\t<\/div>\n\t\t\t\t\t\t<\/div>\n\t\t\t\t\t<\/div>\n\t\t<\/div>\n\t\t\t\t\t\t\t\t<\/div>\n\t\t\t\t\t<\/div>\n\t\t<\/section>\n\t\t\t\t\t\t<\/div>\n\t\t\t\t\t<\/div>\n\t\t<\/div>\n\t\t\t\t\t\t\t\t<\/div>\n\t\t\t\t\t<\/div>\n\t\t<\/section>\n\t\t\t\t\t\t\t\t\t<\/div>\n\t\t\t<\/div>\n\t\t\t\t\t<\/div>\n\t\t","protected":false},"excerpt":{"rendered":"<p>Nuestras soluciones Ayudamos en la gesti\u00f3n del v\u00ednculo, inteligencia emocional y confianza en tu empresa Para fortalecer el tejido social dentro y fuera de la organizaci\u00f3n es necesario cultivar y trabajar el v\u00ednculo. Modalidad Online y Presencial en Todo Chile. \u00a1Planes Especiales para Pymes! Ya no se habla de futuro al considerar que el desarrollo [&hellip;]<\/p>\n","protected":false},"author":1,"featured_media":0,"parent":0,"menu_order":0,"comment_status":"closed","ping_status":"closed","template":"elementor_header_footer","meta":[],"yoast_head":"<!-- This site is optimized with the Yoast SEO plugin v15.9.2 - https:\/\/yoast.com\/wordpress\/plugins\/seo\/ -->\n<title>Gesti\u00f3n del v\u00ednculo, Inteligencia Emocional y Confianza | Para Qu\u00e9<\/title>\n<meta name=\"robots\" content=\"index, follow, max-snippet:-1, max-image-preview:large, max-video-preview:-1\" \/>\n<link rel=\"canonical\" href=\"https:\/\/paraque.cl\/web\/gestion-del-vinculo-inteligencia-emocional-y-confianza\/\" \/>\n<meta property=\"og:locale\" content=\"es_ES\" \/>\n<meta property=\"og:type\" content=\"article\" \/>\n<meta property=\"og:title\" content=\"Gesti\u00f3n del v\u00ednculo, Inteligencia Emocional y Confianza | Para Qu\u00e9\" \/>\n<meta property=\"og:description\" content=\"Nuestras soluciones Ayudamos en la gesti\u00f3n del v\u00ednculo, inteligencia emocional y confianza en tu empresa Para fortalecer el tejido social dentro y fuera de la organizaci\u00f3n es necesario cultivar y trabajar el v\u00ednculo. Modalidad Online y Presencial en Todo Chile. \u00a1Planes Especiales para Pymes! Ya no se habla de futuro al considerar que el desarrollo [&hellip;]\" \/>\n<meta property=\"og:url\" content=\"https:\/\/paraque.cl\/web\/gestion-del-vinculo-inteligencia-emocional-y-confianza\/\" \/>\n<meta property=\"og:site_name\" content=\"Para Qu\u00e9\" \/>\n<meta property=\"article:publisher\" content=\"https:\/\/www.facebook.com\/paraque.cl\" \/>\n<meta property=\"article:modified_time\" content=\"2022-01-27T22:11:02+00:00\" \/>\n<meta property=\"og:image\" content=\"https:\/\/paraque.cl\/web\/wp-content\/uploads\/2020\/10\/iconos_web_icono_gestionvinculo-300x300.png\" \/>\n<meta name=\"twitter:card\" content=\"summary_large_image\" \/>\n<meta name=\"twitter:label1\" content=\"Tiempo de lectura\">\n\t<meta name=\"twitter:data1\" content=\"2 minutos\">\n<script type=\"application\/ld+json\" class=\"yoast-schema-graph\">{\"@context\":\"https:\/\/schema.org\",\"@graph\":[{\"@type\":\"WebSite\",\"@id\":\"https:\/\/paraque.cl\/web\/#website\",\"url\":\"https:\/\/paraque.cl\/web\/\",\"name\":\"Para Qu\\u00e9\",\"description\":\"Desata el poder de las personas\",\"potentialAction\":[{\"@type\":\"SearchAction\",\"target\":\"https:\/\/paraque.cl\/web\/?s={search_term_string}\",\"query-input\":\"required name=search_term_string\"}],\"inLanguage\":\"es\"},{\"@type\":\"ImageObject\",\"@id\":\"https:\/\/paraque.cl\/web\/gestion-del-vinculo-inteligencia-emocional-y-confianza\/#primaryimage\",\"inLanguage\":\"es\",\"url\":\"https:\/\/paraque.cl\/web\/wp-content\/uploads\/2020\/10\/iconos_web_icono_gestionvinculo.png\",\"width\":918,\"height\":917},{\"@type\":\"WebPage\",\"@id\":\"https:\/\/paraque.cl\/web\/gestion-del-vinculo-inteligencia-emocional-y-confianza\/#webpage\",\"url\":\"https:\/\/paraque.cl\/web\/gestion-del-vinculo-inteligencia-emocional-y-confianza\/\",\"name\":\"Gesti\\u00f3n del v\\u00ednculo, Inteligencia Emocional y Confianza | Para Qu\\u00e9\",\"isPartOf\":{\"@id\":\"https:\/\/paraque.cl\/web\/#website\"},\"primaryImageOfPage\":{\"@id\":\"https:\/\/paraque.cl\/web\/gestion-del-vinculo-inteligencia-emocional-y-confianza\/#primaryimage\"},\"datePublished\":\"2020-10-08T00:54:15+00:00\",\"dateModified\":\"2022-01-27T22:11:02+00:00\",\"breadcrumb\":{\"@id\":\"https:\/\/paraque.cl\/web\/gestion-del-vinculo-inteligencia-emocional-y-confianza\/#breadcrumb\"},\"inLanguage\":\"es\",\"potentialAction\":[{\"@type\":\"ReadAction\",\"target\":[\"https:\/\/paraque.cl\/web\/gestion-del-vinculo-inteligencia-emocional-y-confianza\/\"]}]},{\"@type\":\"BreadcrumbList\",\"@id\":\"https:\/\/paraque.cl\/web\/gestion-del-vinculo-inteligencia-emocional-y-confianza\/#breadcrumb\",\"itemListElement\":[{\"@type\":\"ListItem\",\"position\":1,\"item\":{\"@type\":\"WebPage\",\"@id\":\"https:\/\/paraque.cl\/web\/\",\"url\":\"https:\/\/paraque.cl\/web\/\",\"name\":\"Portada\"}},{\"@type\":\"ListItem\",\"position\":2,\"item\":{\"@type\":\"WebPage\",\"@id\":\"https:\/\/paraque.cl\/web\/gestion-del-vinculo-inteligencia-emocional-y-confianza\/\",\"url\":\"https:\/\/paraque.cl\/web\/gestion-del-vinculo-inteligencia-emocional-y-confianza\/\",\"name\":\"Gesti\\u00f3n del v\\u00ednculo, Inteligencia Emocional y Confianza\"}}]}]}<\/script>\n<!-- \/ Yoast SEO plugin. -->","_links":{"self":[{"href":"https:\/\/paraque.cl\/web\/wp-json\/wp\/v2\/pages\/674"}],"collection":[{"href":"https:\/\/paraque.cl\/web\/wp-json\/wp\/v2\/pages"}],"about":[{"href":"https:\/\/paraque.cl\/web\/wp-json\/wp\/v2\/types\/page"}],"author":[{"embeddable":true,"href":"https:\/\/paraque.cl\/web\/wp-json\/wp\/v2\/users\/1"}],"replies":[{"embeddable":true,"href":"https:\/\/paraque.cl\/web\/wp-json\/wp\/v2\/comments?post=674"}],"version-history":[{"count":26,"href":"https:\/\/paraque.cl\/web\/wp-json\/wp\/v2\/pages\/674\/revisions"}],"predecessor-version":[{"id":1870,"href":"https:\/\/paraque.cl\/web\/wp-json\/wp\/v2\/pages\/674\/revisions\/1870"}],"wp:attachment":[{"href":"https:\/\/paraque.cl\/web\/wp-json\/wp\/v2\/media?parent=674"}],"curies":[{"name":"wp","href":"https:\/\/api.w.org\/{rel}","templated":true}]}}