{"id":506,"date":"2020-09-28T22:11:44","date_gmt":"2020-09-28T22:11:44","guid":{"rendered":"https:\/\/paraque.cl\/web\/?page_id=506"},"modified":"2021-03-12T18:39:29","modified_gmt":"2021-03-12T18:39:29","slug":"bienestar","status":"publish","type":"page","link":"https:\/\/paraque.cl\/web\/bienestar\/","title":{"rendered":"Bienestar"},"content":{"rendered":"\t\t<div data-elementor-type=\"wp-page\" data-elementor-id=\"506\" class=\"elementor elementor-506\">\n\t\t\t\t\t\t<div class=\"elementor-inner\">\n\t\t\t\t<div class=\"elementor-section-wrap\">\n\t\t\t\t\t\t\t\t\t<section class=\"elementor-section elementor-top-section elementor-element elementor-element-7698d71a elementor-section-content-middle elementor-section-boxed elementor-section-height-default elementor-section-height-default\" data-id=\"7698d71a\" data-element_type=\"section\" data-settings=\"{&quot;background_background&quot;:&quot;classic&quot;}\">\n\t\t\t\t\t\t<div class=\"elementor-container elementor-column-gap-no\">\n\t\t\t\t\t\t\t<div class=\"elementor-row\">\n\t\t\t\t\t<div class=\"elementor-column elementor-col-100 elementor-top-column elementor-element elementor-element-64deb86c\" data-id=\"64deb86c\" data-element_type=\"column\">\n\t\t\t<div class=\"elementor-column-wrap elementor-element-populated\">\n\t\t\t\t\t\t\t<div class=\"elementor-widget-wrap\">\n\t\t\t\t\t\t<div class=\"elementor-element elementor-element-2006de11 elementor-widget elementor-widget-heading\" data-id=\"2006de11\" data-element_type=\"widget\" data-widget_type=\"heading.default\">\n\t\t\t\t<div class=\"elementor-widget-container\">\n\t\t\t<h4 class=\"elementor-heading-title elementor-size-default\">Exploraremos qu\u00e9 nuevos resultados de la ciencia en psicolog\u00eda nos ense\u00f1an sobre c\u00f3mo ser m\u00e1s felices, c\u00f3mo sentirse menos estresados y c\u00f3mo prosperar m\u00e1s. Entonces tendremos la oportunidad de poner en pr\u00e1ctica estos hallazgos cient\u00edficos mediante la construcci\u00f3n de los tipos de h\u00e1bitos que nos permitir\u00e1n vivir una vida m\u00e1s feliz y satisfactoria.<\/h4>\t\t<\/div>\n\t\t\t\t<\/div>\n\t\t\t\t\t\t<\/div>\n\t\t\t\t\t<\/div>\n\t\t<\/div>\n\t\t\t\t\t\t\t\t<\/div>\n\t\t\t\t\t<\/div>\n\t\t<\/section>\n\t\t\t\t<section class=\"elementor-section elementor-top-section elementor-element elementor-element-d6f99c2 elementor-hidden-desktop elementor-hidden-tablet elementor-section-boxed elementor-section-height-default elementor-section-height-default\" data-id=\"d6f99c2\" data-element_type=\"section\">\n\t\t\t\t\t\t<div class=\"elementor-container elementor-column-gap-default\">\n\t\t\t\t\t\t\t<div class=\"elementor-row\">\n\t\t\t\t\t<div class=\"elementor-column elementor-col-100 elementor-top-column elementor-element elementor-element-44bcbf4\" data-id=\"44bcbf4\" data-element_type=\"column\">\n\t\t\t<div class=\"elementor-column-wrap elementor-element-populated\">\n\t\t\t\t\t\t\t<div class=\"elementor-widget-wrap\">\n\t\t\t\t\t\t<div class=\"elementor-element elementor-element-3f851ed elementor-widget elementor-widget-image\" data-id=\"3f851ed\" data-element_type=\"widget\" data-widget_type=\"image.default\">\n\t\t\t\t<div class=\"elementor-widget-container\">\n\t\t\t\t\t\t\t\t<div class=\"elementor-image\">\n\t\t\t\t\t\t\t\t\t\t\t\t<img width=\"800\" height=\"831\" src=\"https:\/\/paraque.cl\/web\/wp-content\/uploads\/2020\/10\/Fotos_capsulas-51-986x1024.jpg\" class=\"attachment-large size-large wp-image-1209\" alt=\"\" loading=\"lazy\" srcset=\"https:\/\/paraque.cl\/web\/wp-content\/uploads\/2020\/10\/Fotos_capsulas-51-986x1024.jpg 986w, https:\/\/paraque.cl\/web\/wp-content\/uploads\/2020\/10\/Fotos_capsulas-51-289x300.jpg 289w, https:\/\/paraque.cl\/web\/wp-content\/uploads\/2020\/10\/Fotos_capsulas-51-768x798.jpg 768w, https:\/\/paraque.cl\/web\/wp-content\/uploads\/2020\/10\/Fotos_capsulas-51-1479x1536.jpg 1479w, https:\/\/paraque.cl\/web\/wp-content\/uploads\/2020\/10\/Fotos_capsulas-51-1972x2048.jpg 1972w\" sizes=\"(max-width: 800px) 100vw, 800px\" \/>\t\t\t\t\t\t\t\t\t\t\t\t\t\t<\/div>\n\t\t\t\t\t\t<\/div>\n\t\t\t\t<\/div>\n\t\t\t\t\t\t<\/div>\n\t\t\t\t\t<\/div>\n\t\t<\/div>\n\t\t\t\t\t\t\t\t<\/div>\n\t\t\t\t\t<\/div>\n\t\t<\/section>\n\t\t\t\t<section class=\"elementor-section elementor-top-section elementor-element elementor-element-3f924313 elementor-section-full_width elementor-reverse-mobile elementor-section-height-default elementor-section-height-default\" data-id=\"3f924313\" data-element_type=\"section\" id=\"Proposito\">\n\t\t\t\t\t\t<div class=\"elementor-container elementor-column-gap-default\">\n\t\t\t\t\t\t\t<div class=\"elementor-row\">\n\t\t\t\t\t<div class=\"elementor-column elementor-col-50 elementor-top-column elementor-element elementor-element-4994fe67\" data-id=\"4994fe67\" data-element_type=\"column\">\n\t\t\t<div class=\"elementor-column-wrap elementor-element-populated\">\n\t\t\t\t\t\t\t<div class=\"elementor-widget-wrap\">\n\t\t\t\t\t\t<div class=\"elementor-element elementor-element-a84e5e3 elementor-widget elementor-widget-heading\" data-id=\"a84e5e3\" data-element_type=\"widget\" data-widget_type=\"heading.default\">\n\t\t\t\t<div class=\"elementor-widget-container\">\n\t\t\t<h2 class=\"elementor-heading-title elementor-size-default\"><a href=\"http:\/\/clima\">Bienestar<\/a><\/h2>\t\t<\/div>\n\t\t\t\t<\/div>\n\t\t\t\t<div class=\"elementor-element elementor-element-7adc39e7 elementor-widget elementor-widget-text-editor\" data-id=\"7adc39e7\" data-element_type=\"widget\" data-widget_type=\"text-editor.default\">\n\t\t\t\t<div class=\"elementor-widget-container\">\n\t\t\t\t\t\t\t\t<div class=\"elementor-text-editor elementor-clearfix\">\n\t\t\t\t<p>Esta c\u00e1psula busca ayudar a que las personas y colaboradores de tu organizaci\u00f3n adquieran pr\u00e1cticas concretas, accionables y no necesariamente demandantes en tiempo y energ\u00eda, que permitan aumentar los niveles de bienestar personal y laboral. Lo que tendr\u00e1 un impacto positivo en las relaciones, estilos comunicacionales, tendencia a la colaboraci\u00f3n y desempe\u00f1o.<\/p>\t\t\t\t\t<\/div>\n\t\t\t\t\t\t<\/div>\n\t\t\t\t<\/div>\n\t\t\t\t<div class=\"elementor-element elementor-element-5016eebb elementor-widget elementor-widget-heading\" data-id=\"5016eebb\" data-element_type=\"widget\" data-widget_type=\"heading.default\">\n\t\t\t\t<div class=\"elementor-widget-container\">\n\t\t\t<h2 class=\"elementor-heading-title elementor-size-default\"> \u00bfCu\u00e1les son algunas de las c\u00e1psulas de bienestar que podemos aplicar a personas y equipos?<\/h2>\t\t<\/div>\n\t\t\t\t<\/div>\n\t\t\t\t<div class=\"elementor-element elementor-element-37e810c9 elementor-widget elementor-widget-text-editor\" data-id=\"37e810c9\" data-element_type=\"widget\" data-widget_type=\"text-editor.default\">\n\t\t\t\t<div class=\"elementor-widget-container\">\n\t\t\t\t\t\t\t\t<div class=\"elementor-text-editor elementor-clearfix\">\n\t\t\t\t<p>Conexi\u00f3n social \/ actos de bondad y empat\u00eda \/ agradecimiento como retroalimentaci\u00f3n positiva \/ h\u00e1bitos saludables \/ mindset fijo o de crecimiento.<\/p>\t\t\t\t\t<\/div>\n\t\t\t\t\t\t<\/div>\n\t\t\t\t<\/div>\n\t\t\t\t<div class=\"elementor-element elementor-element-452d930a elementor-widget elementor-widget-heading\" data-id=\"452d930a\" data-element_type=\"widget\" data-widget_type=\"heading.default\">\n\t\t\t\t<div class=\"elementor-widget-container\">\n\t\t\t<h2 class=\"elementor-heading-title elementor-size-default\"> En la pr\u00e1ctica <\/h2>\t\t<\/div>\n\t\t\t\t<\/div>\n\t\t\t\t<div class=\"elementor-element elementor-element-6fdb52ca elementor-widget elementor-widget-text-editor\" data-id=\"6fdb52ca\" data-element_type=\"widget\" data-widget_type=\"text-editor.default\">\n\t\t\t\t<div class=\"elementor-widget-container\">\n\t\t\t\t\t\t\t\t<div class=\"elementor-text-editor elementor-clearfix\">\n\t\t\t\t<ul><li>Reuni\u00f3n diagn\u00f3stica y ajuste de c\u00e1psula para identificar el PARA QU\u00c9 de lo que haremos juntos.<\/li><li>Evento Zoom de 2 horas.<\/li><li>Din\u00e1micas y herramientas virtuales que garantizan la participaci\u00f3n, interacci\u00f3n, que posibilitan hacer insights y tener reflexiones\/conversaciones significativas.<\/li><li>Reuni\u00f3n de cierre para entrega hallazgos y recomendaciones.<\/li><\/ul>\t\t\t\t\t<\/div>\n\t\t\t\t\t\t<\/div>\n\t\t\t\t<\/div>\n\t\t\t\t<div class=\"elementor-element elementor-element-51ea3b43 elementor-widget elementor-widget-heading\" data-id=\"51ea3b43\" data-element_type=\"widget\" data-widget_type=\"heading.default\">\n\t\t\t\t<div class=\"elementor-widget-container\">\n\t\t\t<h2 class=\"elementor-heading-title elementor-size-default\">\u00bfA qui\u00e9n(es) podemos acompa\u00f1ar? <\/h2>\t\t<\/div>\n\t\t\t\t<\/div>\n\t\t\t\t<div class=\"elementor-element elementor-element-449ad2a3 elementor-widget elementor-widget-text-editor\" data-id=\"449ad2a3\" data-element_type=\"widget\" data-widget_type=\"text-editor.default\">\n\t\t\t\t<div class=\"elementor-widget-container\">\n\t\t\t\t\t\t\t\t<div class=\"elementor-text-editor elementor-clearfix\">\n\t\t\t\t<ul><li>Cualquier organizaci\u00f3n, equipo o grupo de personas que quiera conocer y practicar h\u00e1bitos para el bienestar propio y el de los dem\u00e1s.<\/li><li>M\u00e1ximo grupos de 20 personas.<\/li><\/ul>\t\t\t\t\t<\/div>\n\t\t\t\t\t\t<\/div>\n\t\t\t\t<\/div>\n\t\t\t\t<div class=\"elementor-element elementor-element-a31faa2 elementor-align-right elementor-widget elementor-widget-button\" data-id=\"a31faa2\" data-element_type=\"widget\" data-widget_type=\"button.default\">\n\t\t\t\t<div class=\"elementor-widget-container\">\n\t\t\t\t\t<div class=\"elementor-button-wrapper\">\n\t\t\t<a href=\"#conversemos\" class=\"elementor-button-link elementor-button elementor-size-sm\" role=\"button\">\n\t\t\t\t\t\t<span class=\"elementor-button-content-wrapper\">\n\t\t\t\t\t\t<span class=\"elementor-button-text\">\u00a1Conversemos!<\/span>\n\t\t<\/span>\n\t\t\t\t\t<\/a>\n\t\t<\/div>\n\t\t\t\t<\/div>\n\t\t\t\t<\/div>\n\t\t\t\t\t\t<\/div>\n\t\t\t\t\t<\/div>\n\t\t<\/div>\n\t\t\t\t<div class=\"elementor-column elementor-col-50 elementor-top-column elementor-element elementor-element-38f553e5 elementor-hidden-phone\" data-id=\"38f553e5\" data-element_type=\"column\" data-settings=\"{&quot;background_background&quot;:&quot;classic&quot;}\">\n\t\t\t<div class=\"elementor-column-wrap elementor-element-populated\">\n\t\t\t\t\t\t\t<div class=\"elementor-widget-wrap\">\n\t\t\t\t\t\t<div class=\"elementor-element elementor-element-270fab1 elementor-widget elementor-widget-image\" data-id=\"270fab1\" data-element_type=\"widget\" data-widget_type=\"image.default\">\n\t\t\t\t<div class=\"elementor-widget-container\">\n\t\t\t\t\t\t\t\t<div class=\"elementor-image\">\n\t\t\t\t\t\t\t\t\t\t\t\t<img width=\"614\" height=\"1024\" src=\"https:\/\/paraque.cl\/web\/wp-content\/uploads\/2020\/10\/Fotos_capsulas_bienestar-614x1024.jpg\" class=\"attachment-large size-large wp-image-966\" alt=\"\" loading=\"lazy\" srcset=\"https:\/\/paraque.cl\/web\/wp-content\/uploads\/2020\/10\/Fotos_capsulas_bienestar-614x1024.jpg 614w, https:\/\/paraque.cl\/web\/wp-content\/uploads\/2020\/10\/Fotos_capsulas_bienestar-180x300.jpg 180w, https:\/\/paraque.cl\/web\/wp-content\/uploads\/2020\/10\/Fotos_capsulas_bienestar-768x1280.jpg 768w, https:\/\/paraque.cl\/web\/wp-content\/uploads\/2020\/10\/Fotos_capsulas_bienestar-922x1536.jpg 922w, https:\/\/paraque.cl\/web\/wp-content\/uploads\/2020\/10\/Fotos_capsulas_bienestar-1229x2048.jpg 1229w, https:\/\/paraque.cl\/web\/wp-content\/uploads\/2020\/10\/Fotos_capsulas_bienestar-scaled.jpg 1536w\" sizes=\"(max-width: 614px) 100vw, 614px\" \/>\t\t\t\t\t\t\t\t\t\t\t\t\t\t<\/div>\n\t\t\t\t\t\t<\/div>\n\t\t\t\t<\/div>\n\t\t\t\t\t\t<\/div>\n\t\t\t\t\t<\/div>\n\t\t<\/div>\n\t\t\t\t\t\t\t\t<\/div>\n\t\t\t\t\t<\/div>\n\t\t<\/section>\n\t\t\t\t\t\t\t\t\t<\/div>\n\t\t\t<\/div>\n\t\t\t\t\t<\/div>\n\t\t","protected":false},"excerpt":{"rendered":"<p>Exploraremos qu\u00e9 nuevos resultados de la ciencia en psicolog\u00eda nos ense\u00f1an sobre c\u00f3mo ser m\u00e1s felices, c\u00f3mo sentirse menos estresados y c\u00f3mo prosperar m\u00e1s. Entonces tendremos la oportunidad de poner en pr\u00e1ctica estos hallazgos cient\u00edficos mediante la construcci\u00f3n de los tipos de h\u00e1bitos que nos permitir\u00e1n vivir una vida m\u00e1s feliz y satisfactoria. Bienestar Esta [&hellip;]<\/p>\n","protected":false},"author":1,"featured_media":0,"parent":0,"menu_order":0,"comment_status":"closed","ping_status":"closed","template":"elementor_header_footer","meta":[],"yoast_head":"<!-- This site is optimized with the Yoast SEO plugin v15.9.2 - https:\/\/yoast.com\/wordpress\/plugins\/seo\/ -->\n<title>Bienestar | Para Qu\u00e9<\/title>\n<meta name=\"robots\" content=\"index, follow, max-snippet:-1, max-image-preview:large, max-video-preview:-1\" \/>\n<link rel=\"canonical\" href=\"https:\/\/paraque.cl\/web\/bienestar\/\" \/>\n<meta property=\"og:locale\" content=\"es_ES\" \/>\n<meta property=\"og:type\" content=\"article\" \/>\n<meta property=\"og:title\" content=\"Bienestar | Para Qu\u00e9\" \/>\n<meta property=\"og:description\" content=\"Exploraremos qu\u00e9 nuevos resultados de la ciencia en psicolog\u00eda nos ense\u00f1an sobre c\u00f3mo ser m\u00e1s felices, c\u00f3mo sentirse menos estresados y c\u00f3mo prosperar m\u00e1s. Entonces tendremos la oportunidad de poner en pr\u00e1ctica estos hallazgos cient\u00edficos mediante la construcci\u00f3n de los tipos de h\u00e1bitos que nos permitir\u00e1n vivir una vida m\u00e1s feliz y satisfactoria. Bienestar Esta [&hellip;]\" \/>\n<meta property=\"og:url\" content=\"https:\/\/paraque.cl\/web\/bienestar\/\" \/>\n<meta property=\"og:site_name\" content=\"Para Qu\u00e9\" \/>\n<meta property=\"article:publisher\" content=\"https:\/\/www.facebook.com\/paraque.cl\" \/>\n<meta property=\"article:modified_time\" content=\"2021-03-12T18:39:29+00:00\" \/>\n<meta property=\"og:image\" content=\"https:\/\/paraque.cl\/web\/wp-content\/uploads\/2020\/10\/Fotos_capsulas-51-986x1024.jpg\" \/>\n<meta name=\"twitter:card\" content=\"summary_large_image\" \/>\n<meta name=\"twitter:label1\" content=\"Tiempo de lectura\">\n\t<meta name=\"twitter:data1\" content=\"2 minutos\">\n<script type=\"application\/ld+json\" class=\"yoast-schema-graph\">{\"@context\":\"https:\/\/schema.org\",\"@graph\":[{\"@type\":\"WebSite\",\"@id\":\"https:\/\/paraque.cl\/web\/#website\",\"url\":\"https:\/\/paraque.cl\/web\/\",\"name\":\"Para Qu\\u00e9\",\"description\":\"Desata el poder de las personas\",\"potentialAction\":[{\"@type\":\"SearchAction\",\"target\":\"https:\/\/paraque.cl\/web\/?s={search_term_string}\",\"query-input\":\"required name=search_term_string\"}],\"inLanguage\":\"es\"},{\"@type\":\"ImageObject\",\"@id\":\"https:\/\/paraque.cl\/web\/bienestar\/#primaryimage\",\"inLanguage\":\"es\",\"url\":\"https:\/\/paraque.cl\/web\/wp-content\/uploads\/2020\/10\/Fotos_capsulas-51.jpg\",\"width\":2356,\"height\":2447},{\"@type\":\"WebPage\",\"@id\":\"https:\/\/paraque.cl\/web\/bienestar\/#webpage\",\"url\":\"https:\/\/paraque.cl\/web\/bienestar\/\",\"name\":\"Bienestar | Para Qu\\u00e9\",\"isPartOf\":{\"@id\":\"https:\/\/paraque.cl\/web\/#website\"},\"primaryImageOfPage\":{\"@id\":\"https:\/\/paraque.cl\/web\/bienestar\/#primaryimage\"},\"datePublished\":\"2020-09-28T22:11:44+00:00\",\"dateModified\":\"2021-03-12T18:39:29+00:00\",\"breadcrumb\":{\"@id\":\"https:\/\/paraque.cl\/web\/bienestar\/#breadcrumb\"},\"inLanguage\":\"es\",\"potentialAction\":[{\"@type\":\"ReadAction\",\"target\":[\"https:\/\/paraque.cl\/web\/bienestar\/\"]}]},{\"@type\":\"BreadcrumbList\",\"@id\":\"https:\/\/paraque.cl\/web\/bienestar\/#breadcrumb\",\"itemListElement\":[{\"@type\":\"ListItem\",\"position\":1,\"item\":{\"@type\":\"WebPage\",\"@id\":\"https:\/\/paraque.cl\/web\/\",\"url\":\"https:\/\/paraque.cl\/web\/\",\"name\":\"Portada\"}},{\"@type\":\"ListItem\",\"position\":2,\"item\":{\"@type\":\"WebPage\",\"@id\":\"https:\/\/paraque.cl\/web\/bienestar\/\",\"url\":\"https:\/\/paraque.cl\/web\/bienestar\/\",\"name\":\"Bienestar\"}}]}]}<\/script>\n<!-- \/ Yoast SEO plugin. -->","_links":{"self":[{"href":"https:\/\/paraque.cl\/web\/wp-json\/wp\/v2\/pages\/506"}],"collection":[{"href":"https:\/\/paraque.cl\/web\/wp-json\/wp\/v2\/pages"}],"about":[{"href":"https:\/\/paraque.cl\/web\/wp-json\/wp\/v2\/types\/page"}],"author":[{"embeddable":true,"href":"https:\/\/paraque.cl\/web\/wp-json\/wp\/v2\/users\/1"}],"replies":[{"embeddable":true,"href":"https:\/\/paraque.cl\/web\/wp-json\/wp\/v2\/comments?post=506"}],"version-history":[{"count":44,"href":"https:\/\/paraque.cl\/web\/wp-json\/wp\/v2\/pages\/506\/revisions"}],"predecessor-version":[{"id":1617,"href":"https:\/\/paraque.cl\/web\/wp-json\/wp\/v2\/pages\/506\/revisions\/1617"}],"wp:attachment":[{"href":"https:\/\/paraque.cl\/web\/wp-json\/wp\/v2\/media?parent=506"}],"curies":[{"name":"wp","href":"https:\/\/api.w.org\/{rel}","templated":true}]}}