{"id":483,"date":"2020-09-28T21:44:53","date_gmt":"2020-09-28T21:44:53","guid":{"rendered":"https:\/\/paraque.cl\/web\/?page_id=483"},"modified":"2020-11-16T21:30:00","modified_gmt":"2020-11-16T21:30:00","slug":"psicoaching-mindset-individual","status":"publish","type":"page","link":"https:\/\/paraque.cl\/web\/psicoaching-mindset-individual\/","title":{"rendered":"Psicoaching mindset individual"},"content":{"rendered":"\t\t<div data-elementor-type=\"wp-page\" data-elementor-id=\"483\" class=\"elementor elementor-483\">\n\t\t\t\t\t\t<div class=\"elementor-inner\">\n\t\t\t\t<div class=\"elementor-section-wrap\">\n\t\t\t\t\t\t\t\t\t<section class=\"elementor-section elementor-top-section elementor-element elementor-element-6320eda3 elementor-section-content-middle elementor-section-boxed elementor-section-height-default elementor-section-height-default\" data-id=\"6320eda3\" data-element_type=\"section\" data-settings=\"{&quot;background_background&quot;:&quot;classic&quot;}\">\n\t\t\t\t\t\t<div class=\"elementor-container elementor-column-gap-no\">\n\t\t\t\t\t\t\t<div class=\"elementor-row\">\n\t\t\t\t\t<div class=\"elementor-column elementor-col-100 elementor-top-column elementor-element elementor-element-24dd8527\" data-id=\"24dd8527\" data-element_type=\"column\">\n\t\t\t<div class=\"elementor-column-wrap elementor-element-populated\">\n\t\t\t\t\t\t\t<div class=\"elementor-widget-wrap\">\n\t\t\t\t\t\t<div class=\"elementor-element elementor-element-1ad8c124 elementor-widget elementor-widget-heading\" data-id=\"1ad8c124\" data-element_type=\"widget\" data-widget_type=\"heading.default\">\n\t\t\t\t<div class=\"elementor-widget-container\">\n\t\t\t<h4 class=\"elementor-heading-title elementor-size-default\">Coaching y Psicolog\u00eda<\/h4>\t\t<\/div>\n\t\t\t\t<\/div>\n\t\t\t\t\t\t<\/div>\n\t\t\t\t\t<\/div>\n\t\t<\/div>\n\t\t\t\t\t\t\t\t<\/div>\n\t\t\t\t\t<\/div>\n\t\t<\/section>\n\t\t\t\t<section class=\"elementor-section elementor-top-section elementor-element elementor-element-1f2bfb95 elementor-hidden-desktop elementor-hidden-tablet elementor-section-boxed elementor-section-height-default elementor-section-height-default\" data-id=\"1f2bfb95\" data-element_type=\"section\">\n\t\t\t\t\t\t<div class=\"elementor-container elementor-column-gap-default\">\n\t\t\t\t\t\t\t<div class=\"elementor-row\">\n\t\t\t\t\t<div class=\"elementor-column elementor-col-100 elementor-top-column elementor-element elementor-element-6a5ca2a4\" data-id=\"6a5ca2a4\" data-element_type=\"column\">\n\t\t\t<div class=\"elementor-column-wrap elementor-element-populated\">\n\t\t\t\t\t\t\t<div class=\"elementor-widget-wrap\">\n\t\t\t\t\t\t<div class=\"elementor-element elementor-element-636f710b elementor-widget elementor-widget-image\" data-id=\"636f710b\" data-element_type=\"widget\" data-widget_type=\"image.default\">\n\t\t\t\t<div class=\"elementor-widget-container\">\n\t\t\t\t\t\t\t\t<div class=\"elementor-image\">\n\t\t\t\t\t\t\t\t\t\t\t\t<img width=\"800\" height=\"831\" src=\"https:\/\/paraque.cl\/web\/wp-content\/uploads\/2020\/10\/Fotos_capsulas-59-986x1024.jpg\" class=\"attachment-large size-large wp-image-1235\" alt=\"\" loading=\"lazy\" srcset=\"https:\/\/paraque.cl\/web\/wp-content\/uploads\/2020\/10\/Fotos_capsulas-59-986x1024.jpg 986w, https:\/\/paraque.cl\/web\/wp-content\/uploads\/2020\/10\/Fotos_capsulas-59-289x300.jpg 289w, https:\/\/paraque.cl\/web\/wp-content\/uploads\/2020\/10\/Fotos_capsulas-59-768x798.jpg 768w, https:\/\/paraque.cl\/web\/wp-content\/uploads\/2020\/10\/Fotos_capsulas-59-1479x1536.jpg 1479w, https:\/\/paraque.cl\/web\/wp-content\/uploads\/2020\/10\/Fotos_capsulas-59-1972x2048.jpg 1972w\" sizes=\"(max-width: 800px) 100vw, 800px\" \/>\t\t\t\t\t\t\t\t\t\t\t\t\t\t<\/div>\n\t\t\t\t\t\t<\/div>\n\t\t\t\t<\/div>\n\t\t\t\t\t\t<\/div>\n\t\t\t\t\t<\/div>\n\t\t<\/div>\n\t\t\t\t\t\t\t\t<\/div>\n\t\t\t\t\t<\/div>\n\t\t<\/section>\n\t\t\t\t<section class=\"elementor-section elementor-top-section elementor-element elementor-element-38bc093e elementor-section-full_width elementor-reverse-mobile elementor-section-height-default elementor-section-height-default\" data-id=\"38bc093e\" data-element_type=\"section\" id=\"Proposito\">\n\t\t\t\t\t\t<div class=\"elementor-container elementor-column-gap-default\">\n\t\t\t\t\t\t\t<div class=\"elementor-row\">\n\t\t\t\t\t<div class=\"elementor-column elementor-col-50 elementor-top-column elementor-element elementor-element-5498a475\" data-id=\"5498a475\" data-element_type=\"column\">\n\t\t\t<div class=\"elementor-column-wrap elementor-element-populated\">\n\t\t\t\t\t\t\t<div class=\"elementor-widget-wrap\">\n\t\t\t\t\t\t<div class=\"elementor-element elementor-element-4159f50d elementor-widget elementor-widget-heading\" data-id=\"4159f50d\" data-element_type=\"widget\" data-widget_type=\"heading.default\">\n\t\t\t\t<div class=\"elementor-widget-container\">\n\t\t\t<h2 class=\"elementor-heading-title elementor-size-default\">Psicoaching mindset individual<\/h2>\t\t<\/div>\n\t\t\t\t<\/div>\n\t\t\t\t<div class=\"elementor-element elementor-element-1c2a281e elementor-widget elementor-widget-text-editor\" data-id=\"1c2a281e\" data-element_type=\"widget\" data-widget_type=\"text-editor.default\">\n\t\t\t\t<div class=\"elementor-widget-container\">\n\t\t\t\t\t\t\t\t<div class=\"elementor-text-editor elementor-clearfix\">\n\t\t\t\t<p>Sesiones de coaching y psicolog\u00eda individual donde mediante t\u00e9cnicas especializadas, apuntamos a mejorar la calidad de vida de las personas.<\/p><p>Es un proceso que focaliza toda su atenci\u00f3n en acoger, dar nuevas miradas y posibilitar el trabajar aspectos como; la comunicaci\u00f3n, las relaciones interpersonales, c\u00f3mo estoy en el trabajo, el liderazgo personal o cualquier aspecto puntual que se quiera abordar.<\/p><p>El prop\u00f3sito es hacer consciente las propias actitudes, pensamientos, emociones y c\u00f3mo \u00e9stas formas de actuar y habitar en el mundo conllevan a ciertos resultados muchas veces inc\u00f3modos o definitivamente indeseados.<\/p><p>Buscaremos revisar, quiz\u00e1s cuestionar, incluso \u201cmover\u201d su actual modelo, paradigmas o formas de mirar y abordar la vida personal y laboral, movilizando a la persona hacia una mentalidad de crecimiento donde los l\u00edmites se ampl\u00edan de manera extraordinaria.<\/p><p>La duraci\u00f3n y la frecuencia es variable y se fija en funci\u00f3n de cada caso y de su contexto particular.<\/p>\t\t\t\t\t<\/div>\n\t\t\t\t\t\t<\/div>\n\t\t\t\t<\/div>\n\t\t\t\t<div class=\"elementor-element elementor-element-c898062 elementor-widget elementor-widget-heading\" data-id=\"c898062\" data-element_type=\"widget\" data-widget_type=\"heading.default\">\n\t\t\t\t<div class=\"elementor-widget-container\">\n\t\t\t<h2 class=\"elementor-heading-title elementor-size-default\"> En la pr\u00e1ctica <\/h2>\t\t<\/div>\n\t\t\t\t<\/div>\n\t\t\t\t<div class=\"elementor-element elementor-element-202ba558 elementor-widget elementor-widget-text-editor\" data-id=\"202ba558\" data-element_type=\"widget\" data-widget_type=\"text-editor.default\">\n\t\t\t\t<div class=\"elementor-widget-container\">\n\t\t\t\t\t\t\t\t<div class=\"elementor-text-editor elementor-clearfix\">\n\t\t\t\t<ul><li>Sesiones individuales v\u00eda Zoom que van desde los 60 minutos a 90 minutos por sesi\u00f3n.<\/li><li>Sesiones realizadas por Psic\u00f3logos \u2013 Coaches certificados.<\/li><li>Llevarte una experiencia de aprendizaje significativo y aplicable a todos los \u00e1mbitos de la vida<\/li><\/ul>\t\t\t\t\t<\/div>\n\t\t\t\t\t\t<\/div>\n\t\t\t\t<\/div>\n\t\t\t\t<div class=\"elementor-element elementor-element-11925044 elementor-widget elementor-widget-heading\" data-id=\"11925044\" data-element_type=\"widget\" data-widget_type=\"heading.default\">\n\t\t\t\t<div class=\"elementor-widget-container\">\n\t\t\t<h2 class=\"elementor-heading-title elementor-size-default\">\u00bfA qui\u00e9n(es) podemos acompa\u00f1ar? <\/h2>\t\t<\/div>\n\t\t\t\t<\/div>\n\t\t\t\t<div class=\"elementor-element elementor-element-1842a060 elementor-widget elementor-widget-text-editor\" data-id=\"1842a060\" data-element_type=\"widget\" data-widget_type=\"text-editor.default\">\n\t\t\t\t<div class=\"elementor-widget-container\">\n\t\t\t\t\t\t\t\t<div class=\"elementor-text-editor elementor-clearfix\">\n\t\t\t\t<ul><li>Cualquier ser humano que simplemente quiera conocerse un poco m\u00e1s, aprender de s\u00ed mismo y desee abordar alg\u00fan aspecto a mejorar o que quiera trabajar en s\u00ed mismo.\u00a0<\/li><\/ul>\t\t\t\t\t<\/div>\n\t\t\t\t\t\t<\/div>\n\t\t\t\t<\/div>\n\t\t\t\t<div class=\"elementor-element elementor-element-e9c935e elementor-align-right elementor-widget elementor-widget-button\" data-id=\"e9c935e\" data-element_type=\"widget\" data-widget_type=\"button.default\">\n\t\t\t\t<div class=\"elementor-widget-container\">\n\t\t\t\t\t<div class=\"elementor-button-wrapper\">\n\t\t\t<a href=\"#conversemos\" class=\"elementor-button-link elementor-button elementor-size-sm\" role=\"button\">\n\t\t\t\t\t\t<span class=\"elementor-button-content-wrapper\">\n\t\t\t\t\t\t<span class=\"elementor-button-text\">\u00a1Conversemos!<\/span>\n\t\t<\/span>\n\t\t\t\t\t<\/a>\n\t\t<\/div>\n\t\t\t\t<\/div>\n\t\t\t\t<\/div>\n\t\t\t\t\t\t<\/div>\n\t\t\t\t\t<\/div>\n\t\t<\/div>\n\t\t\t\t<div class=\"elementor-column elementor-col-50 elementor-top-column elementor-element elementor-element-133eceae elementor-hidden-phone\" data-id=\"133eceae\" data-element_type=\"column\" data-settings=\"{&quot;background_background&quot;:&quot;classic&quot;}\">\n\t\t\t<div class=\"elementor-column-wrap elementor-element-populated\">\n\t\t\t\t\t\t\t<div class=\"elementor-widget-wrap\">\n\t\t\t\t\t\t<div class=\"elementor-element elementor-element-6f33add1 elementor-widget elementor-widget-image\" data-id=\"6f33add1\" data-element_type=\"widget\" data-widget_type=\"image.default\">\n\t\t\t\t<div class=\"elementor-widget-container\">\n\t\t\t\t\t\t\t\t<div class=\"elementor-image\">\n\t\t\t\t\t\t\t\t\t\t\t\t<img width=\"614\" height=\"1024\" src=\"https:\/\/paraque.cl\/web\/wp-content\/uploads\/2020\/10\/Fotos_capsulas_psicoaching_individual-614x1024.jpg\" class=\"attachment-large size-large wp-image-999\" alt=\"\" loading=\"lazy\" srcset=\"https:\/\/paraque.cl\/web\/wp-content\/uploads\/2020\/10\/Fotos_capsulas_psicoaching_individual-614x1024.jpg 614w, https:\/\/paraque.cl\/web\/wp-content\/uploads\/2020\/10\/Fotos_capsulas_psicoaching_individual-180x300.jpg 180w, https:\/\/paraque.cl\/web\/wp-content\/uploads\/2020\/10\/Fotos_capsulas_psicoaching_individual-768x1280.jpg 768w, https:\/\/paraque.cl\/web\/wp-content\/uploads\/2020\/10\/Fotos_capsulas_psicoaching_individual-922x1536.jpg 922w, https:\/\/paraque.cl\/web\/wp-content\/uploads\/2020\/10\/Fotos_capsulas_psicoaching_individual-1229x2048.jpg 1229w, https:\/\/paraque.cl\/web\/wp-content\/uploads\/2020\/10\/Fotos_capsulas_psicoaching_individual-scaled.jpg 1536w\" sizes=\"(max-width: 614px) 100vw, 614px\" \/>\t\t\t\t\t\t\t\t\t\t\t\t\t\t<\/div>\n\t\t\t\t\t\t<\/div>\n\t\t\t\t<\/div>\n\t\t\t\t\t\t<\/div>\n\t\t\t\t\t<\/div>\n\t\t<\/div>\n\t\t\t\t\t\t\t\t<\/div>\n\t\t\t\t\t<\/div>\n\t\t<\/section>\n\t\t\t\t\t\t\t\t\t<\/div>\n\t\t\t<\/div>\n\t\t\t\t\t<\/div>\n\t\t","protected":false},"excerpt":{"rendered":"<p>Coaching y Psicolog\u00eda Psicoaching mindset individual Sesiones de coaching y psicolog\u00eda individual donde mediante t\u00e9cnicas especializadas, apuntamos a mejorar la calidad de vida de las personas. Es un proceso que focaliza toda su atenci\u00f3n en acoger, dar nuevas miradas y posibilitar el trabajar aspectos como; la comunicaci\u00f3n, las relaciones interpersonales, c\u00f3mo estoy en el trabajo, [&hellip;]<\/p>\n","protected":false},"author":1,"featured_media":0,"parent":0,"menu_order":0,"comment_status":"closed","ping_status":"closed","template":"elementor_header_footer","meta":[],"yoast_head":"<!-- This site is optimized with the Yoast SEO plugin v15.9.2 - https:\/\/yoast.com\/wordpress\/plugins\/seo\/ -->\n<title>Psicoaching mindset individual | Para Qu\u00e9<\/title>\n<meta name=\"robots\" content=\"index, follow, max-snippet:-1, max-image-preview:large, max-video-preview:-1\" \/>\n<link rel=\"canonical\" href=\"https:\/\/paraque.cl\/web\/psicoaching-mindset-individual\/\" \/>\n<meta property=\"og:locale\" content=\"es_ES\" \/>\n<meta property=\"og:type\" content=\"article\" \/>\n<meta property=\"og:title\" content=\"Psicoaching mindset individual | Para Qu\u00e9\" \/>\n<meta property=\"og:description\" content=\"Coaching y Psicolog\u00eda Psicoaching mindset individual Sesiones de coaching y psicolog\u00eda individual donde mediante t\u00e9cnicas especializadas, apuntamos a mejorar la calidad de vida de las personas. Es un proceso que focaliza toda su atenci\u00f3n en acoger, dar nuevas miradas y posibilitar el trabajar aspectos como; la comunicaci\u00f3n, las relaciones interpersonales, c\u00f3mo estoy en el trabajo, [&hellip;]\" \/>\n<meta property=\"og:url\" content=\"https:\/\/paraque.cl\/web\/psicoaching-mindset-individual\/\" \/>\n<meta property=\"og:site_name\" content=\"Para Qu\u00e9\" \/>\n<meta property=\"article:publisher\" content=\"https:\/\/www.facebook.com\/paraque.cl\" \/>\n<meta property=\"article:modified_time\" content=\"2020-11-16T21:30:00+00:00\" \/>\n<meta property=\"og:image\" content=\"https:\/\/paraque.cl\/web\/wp-content\/uploads\/2020\/10\/Fotos_capsulas-59-986x1024.jpg\" \/>\n<meta name=\"twitter:card\" content=\"summary_large_image\" \/>\n<meta name=\"twitter:label1\" content=\"Tiempo de lectura\">\n\t<meta name=\"twitter:data1\" content=\"1 minuto\">\n<script type=\"application\/ld+json\" class=\"yoast-schema-graph\">{\"@context\":\"https:\/\/schema.org\",\"@graph\":[{\"@type\":\"WebSite\",\"@id\":\"https:\/\/paraque.cl\/web\/#website\",\"url\":\"https:\/\/paraque.cl\/web\/\",\"name\":\"Para Qu\\u00e9\",\"description\":\"Desata el poder de las personas\",\"potentialAction\":[{\"@type\":\"SearchAction\",\"target\":\"https:\/\/paraque.cl\/web\/?s={search_term_string}\",\"query-input\":\"required name=search_term_string\"}],\"inLanguage\":\"es\"},{\"@type\":\"ImageObject\",\"@id\":\"https:\/\/paraque.cl\/web\/psicoaching-mindset-individual\/#primaryimage\",\"inLanguage\":\"es\",\"url\":\"https:\/\/paraque.cl\/web\/wp-content\/uploads\/2020\/10\/Fotos_capsulas-59.jpg\",\"width\":2356,\"height\":2447},{\"@type\":\"WebPage\",\"@id\":\"https:\/\/paraque.cl\/web\/psicoaching-mindset-individual\/#webpage\",\"url\":\"https:\/\/paraque.cl\/web\/psicoaching-mindset-individual\/\",\"name\":\"Psicoaching mindset individual | Para Qu\\u00e9\",\"isPartOf\":{\"@id\":\"https:\/\/paraque.cl\/web\/#website\"},\"primaryImageOfPage\":{\"@id\":\"https:\/\/paraque.cl\/web\/psicoaching-mindset-individual\/#primaryimage\"},\"datePublished\":\"2020-09-28T21:44:53+00:00\",\"dateModified\":\"2020-11-16T21:30:00+00:00\",\"breadcrumb\":{\"@id\":\"https:\/\/paraque.cl\/web\/psicoaching-mindset-individual\/#breadcrumb\"},\"inLanguage\":\"es\",\"potentialAction\":[{\"@type\":\"ReadAction\",\"target\":[\"https:\/\/paraque.cl\/web\/psicoaching-mindset-individual\/\"]}]},{\"@type\":\"BreadcrumbList\",\"@id\":\"https:\/\/paraque.cl\/web\/psicoaching-mindset-individual\/#breadcrumb\",\"itemListElement\":[{\"@type\":\"ListItem\",\"position\":1,\"item\":{\"@type\":\"WebPage\",\"@id\":\"https:\/\/paraque.cl\/web\/\",\"url\":\"https:\/\/paraque.cl\/web\/\",\"name\":\"Portada\"}},{\"@type\":\"ListItem\",\"position\":2,\"item\":{\"@type\":\"WebPage\",\"@id\":\"https:\/\/paraque.cl\/web\/psicoaching-mindset-individual\/\",\"url\":\"https:\/\/paraque.cl\/web\/psicoaching-mindset-individual\/\",\"name\":\"Psicoaching mindset individual\"}}]}]}<\/script>\n<!-- \/ Yoast SEO plugin. -->","_links":{"self":[{"href":"https:\/\/paraque.cl\/web\/wp-json\/wp\/v2\/pages\/483"}],"collection":[{"href":"https:\/\/paraque.cl\/web\/wp-json\/wp\/v2\/pages"}],"about":[{"href":"https:\/\/paraque.cl\/web\/wp-json\/wp\/v2\/types\/page"}],"author":[{"embeddable":true,"href":"https:\/\/paraque.cl\/web\/wp-json\/wp\/v2\/users\/1"}],"replies":[{"embeddable":true,"href":"https:\/\/paraque.cl\/web\/wp-json\/wp\/v2\/comments?post=483"}],"version-history":[{"count":16,"href":"https:\/\/paraque.cl\/web\/wp-json\/wp\/v2\/pages\/483\/revisions"}],"predecessor-version":[{"id":1346,"href":"https:\/\/paraque.cl\/web\/wp-json\/wp\/v2\/pages\/483\/revisions\/1346"}],"wp:attachment":[{"href":"https:\/\/paraque.cl\/web\/wp-json\/wp\/v2\/media?parent=483"}],"curies":[{"name":"wp","href":"https:\/\/api.w.org\/{rel}","templated":true}]}}