{"id":476,"date":"2020-09-28T21:39:29","date_gmt":"2020-09-28T21:39:29","guid":{"rendered":"https:\/\/paraque.cl\/web\/?page_id=476"},"modified":"2023-08-30T20:36:53","modified_gmt":"2023-08-30T20:36:53","slug":"oratoria-y-presentaciones-efectivas","status":"publish","type":"page","link":"https:\/\/paraque.cl\/web\/oratoria-y-presentaciones-efectivas\/","title":{"rendered":"Oratoria y Presentaciones Efectivas"},"content":{"rendered":"\t\t<div data-elementor-type=\"wp-page\" data-elementor-id=\"476\" class=\"elementor elementor-476\">\n\t\t\t\t\t\t<div class=\"elementor-inner\">\n\t\t\t\t<div class=\"elementor-section-wrap\">\n\t\t\t\t\t\t\t\t\t<section class=\"elementor-section elementor-top-section elementor-element elementor-element-5cd20796 elementor-section-content-middle elementor-section-boxed elementor-section-height-default elementor-section-height-default\" data-id=\"5cd20796\" data-element_type=\"section\" data-settings=\"{&quot;background_background&quot;:&quot;classic&quot;}\">\n\t\t\t\t\t\t<div class=\"elementor-container elementor-column-gap-no\">\n\t\t\t\t\t\t\t<div class=\"elementor-row\">\n\t\t\t\t\t<div class=\"elementor-column elementor-col-100 elementor-top-column elementor-element elementor-element-5ae7161a\" data-id=\"5ae7161a\" data-element_type=\"column\">\n\t\t\t<div class=\"elementor-column-wrap elementor-element-populated\">\n\t\t\t\t\t\t\t<div class=\"elementor-widget-wrap\">\n\t\t\t\t\t\t<div class=\"elementor-element elementor-element-26618ef elementor-widget elementor-widget-heading\" data-id=\"26618ef\" data-element_type=\"widget\" data-widget_type=\"heading.default\">\n\t\t\t\t<div class=\"elementor-widget-container\">\n\t\t\t<h4 class=\"elementor-heading-title elementor-size-default\">Mejora tus habilidades de oratoria, realiza presentaciones memorables y potencia tu \u00e9xito profesional<\/h4>\t\t<\/div>\n\t\t\t\t<\/div>\n\t\t\t\t\t\t<\/div>\n\t\t\t\t\t<\/div>\n\t\t<\/div>\n\t\t\t\t\t\t\t\t<\/div>\n\t\t\t\t\t<\/div>\n\t\t<\/section>\n\t\t\t\t<section class=\"elementor-section elementor-top-section elementor-element elementor-element-2c71b708 elementor-hidden-desktop elementor-hidden-tablet elementor-section-boxed elementor-section-height-default elementor-section-height-default\" data-id=\"2c71b708\" data-element_type=\"section\">\n\t\t\t\t\t\t<div class=\"elementor-container elementor-column-gap-default\">\n\t\t\t\t\t\t\t<div class=\"elementor-row\">\n\t\t\t\t\t<div class=\"elementor-column elementor-col-100 elementor-top-column elementor-element elementor-element-7633db2a\" data-id=\"7633db2a\" data-element_type=\"column\">\n\t\t\t<div class=\"elementor-column-wrap elementor-element-populated\">\n\t\t\t\t\t\t\t<div class=\"elementor-widget-wrap\">\n\t\t\t\t\t\t<div class=\"elementor-element elementor-element-9ee9db0 elementor-widget elementor-widget-image\" data-id=\"9ee9db0\" data-element_type=\"widget\" data-widget_type=\"image.default\">\n\t\t\t\t<div class=\"elementor-widget-container\">\n\t\t\t\t\t\t\t\t<div class=\"elementor-image\">\n\t\t\t\t\t\t\t\t\t\t\t\t<img width=\"800\" height=\"825\" src=\"https:\/\/paraque.cl\/web\/wp-content\/uploads\/2020\/10\/Fotos_capsulas-54-993x1024.jpg\" class=\"attachment-large size-large wp-image-1228\" alt=\"\" loading=\"lazy\" srcset=\"https:\/\/paraque.cl\/web\/wp-content\/uploads\/2020\/10\/Fotos_capsulas-54-993x1024.jpg 993w, https:\/\/paraque.cl\/web\/wp-content\/uploads\/2020\/10\/Fotos_capsulas-54-291x300.jpg 291w, https:\/\/paraque.cl\/web\/wp-content\/uploads\/2020\/10\/Fotos_capsulas-54-768x792.jpg 768w, https:\/\/paraque.cl\/web\/wp-content\/uploads\/2020\/10\/Fotos_capsulas-54-1490x1536.jpg 1490w, https:\/\/paraque.cl\/web\/wp-content\/uploads\/2020\/10\/Fotos_capsulas-54-1986x2048.jpg 1986w\" sizes=\"(max-width: 800px) 100vw, 800px\" \/>\t\t\t\t\t\t\t\t\t\t\t\t\t\t<\/div>\n\t\t\t\t\t\t<\/div>\n\t\t\t\t<\/div>\n\t\t\t\t\t\t<\/div>\n\t\t\t\t\t<\/div>\n\t\t<\/div>\n\t\t\t\t\t\t\t\t<\/div>\n\t\t\t\t\t<\/div>\n\t\t<\/section>\n\t\t\t\t<section class=\"elementor-section elementor-top-section elementor-element elementor-element-786ee41 elementor-section-full_width elementor-reverse-mobile elementor-section-height-default elementor-section-height-default\" data-id=\"786ee41\" data-element_type=\"section\" id=\"Proposito\">\n\t\t\t\t\t\t<div class=\"elementor-container elementor-column-gap-default\">\n\t\t\t\t\t\t\t<div class=\"elementor-row\">\n\t\t\t\t\t<div class=\"elementor-column elementor-col-50 elementor-top-column elementor-element elementor-element-168fcf43\" data-id=\"168fcf43\" data-element_type=\"column\">\n\t\t\t<div class=\"elementor-column-wrap elementor-element-populated\">\n\t\t\t\t\t\t\t<div class=\"elementor-widget-wrap\">\n\t\t\t\t\t\t<div class=\"elementor-element elementor-element-d560d5d elementor-widget elementor-widget-heading\" data-id=\"d560d5d\" data-element_type=\"widget\" data-widget_type=\"heading.default\">\n\t\t\t\t<div class=\"elementor-widget-container\">\n\t\t\t<h2 class=\"elementor-heading-title elementor-size-default\">Oratoria y Presentaciones de Alto Impacto<\/h2>\t\t<\/div>\n\t\t\t\t<\/div>\n\t\t\t\t<div class=\"elementor-element elementor-element-32b0cbc2 elementor-widget elementor-widget-text-editor\" data-id=\"32b0cbc2\" data-element_type=\"widget\" data-widget_type=\"text-editor.default\">\n\t\t\t\t<div class=\"elementor-widget-container\">\n\t\t\t\t\t\t\t\t<div class=\"elementor-text-editor elementor-clearfix\">\n\t\t\t\t<p>En el mundo actual, la oratoria y las presentaciones efectivas son cada vez m\u00e1s importantes. La capacidad de comunicar un mensaje de manera clara, concisa y persuasiva es clave para el \u00e9xito en cualquier \u00e1mbito, ya sea profesional, acad\u00e9mico o personal.<\/p><p><br \/>Potencia tus habilidades de comunicaci\u00f3n verbal y no verbal con nuestro programa de coaching en oratoria. Ya seas un l\u00edder, ejecutivo o profesional en crecimiento, nuestro equipo de expertos te ayudar\u00e1 a dominar el arte de la comunicaci\u00f3n efectiva. Aprende a hablar con confianza, persuasi\u00f3n y presencia en cada presentaci\u00f3n.<\/p><p><br \/>Refuerza tu influencia como l\u00edder a trav\u00e9s de nuestro Curso de Oratoria personalizado. Desarrolla la habilidad de comunicarte con claridad, carisma y confianza en cualquier contexto empresarial y personal.<\/p>\t\t\t\t\t<\/div>\n\t\t\t\t\t\t<\/div>\n\t\t\t\t<\/div>\n\t\t\t\t<div class=\"elementor-element elementor-element-10943fd5 elementor-widget elementor-widget-text-editor\" data-id=\"10943fd5\" data-element_type=\"widget\" data-widget_type=\"text-editor.default\">\n\t\t\t\t<div class=\"elementor-widget-container\">\n\t\t\t\t\t\t\t\t<div class=\"elementor-text-editor elementor-clearfix\">\n\t\t\t\t\t\t\t\t\t<\/div>\n\t\t\t\t\t\t<\/div>\n\t\t\t\t<\/div>\n\t\t\t\t<div class=\"elementor-element elementor-element-3600b435 elementor-widget elementor-widget-heading\" data-id=\"3600b435\" data-element_type=\"widget\" data-widget_type=\"heading.default\">\n\t\t\t\t<div class=\"elementor-widget-container\">\n\t\t\t<h2 class=\"elementor-heading-title elementor-size-default\">Este curso de oratoria ayudar\u00e1 a las personas y l\u00edderes a desarrollar y entrenar las t\u00e9cnicas y habilidades necesarias para crear presentaciones de alto impacto:<\/h2>\t\t<\/div>\n\t\t\t\t<\/div>\n\t\t\t\t<div class=\"elementor-element elementor-element-92a5ded elementor-widget elementor-widget-text-editor\" data-id=\"92a5ded\" data-element_type=\"widget\" data-widget_type=\"text-editor.default\">\n\t\t\t\t<div class=\"elementor-widget-container\">\n\t\t\t\t\t\t\t\t<div class=\"elementor-text-editor elementor-clearfix\">\n\t\t\t\t<p style=\"text-align: left; padding-left: 40px;\">\u2022 Aprender\u00e1s a planificar y estructurar presentaciones para que cumplan los objetivos.<br>\u2022 Dominar tus nervios y miedos al presentar y exponer.<br>\u2022 Utilizar el lenguaje corporal, no verbal y tono de voz de manera clara y persuasiva.<br>\u2022 Conectar con tu audiencia (clientes, pares o jefaturas).<br>\u2022 Utilizar metodolog\u00eda de storytelling para cautivar y motivar a la audiencia.<br>\u2022 Construir relaciones y crear conexiones para el logro de objetivos.<br>\u2022 Aumentar tu capacidad de inspirar y motivar a otros.<br>\u2022 Refuerza tu presencia y promueve tu posicionamiento en discursos ejecutivos y presentaciones clave.<br>\u2022 Domina la comunicaci\u00f3n y las preguntas en situaciones desafiantes.<\/p>\t\t\t\t\t<\/div>\n\t\t\t\t\t\t<\/div>\n\t\t\t\t<\/div>\n\t\t\t\t<div class=\"elementor-element elementor-element-2913ffcf elementor-widget elementor-widget-heading\" data-id=\"2913ffcf\" data-element_type=\"widget\" data-widget_type=\"heading.default\">\n\t\t\t\t<div class=\"elementor-widget-container\">\n\t\t\t<h2 class=\"elementor-heading-title elementor-size-default\">Metodolog\u00eda:<\/h2>\t\t<\/div>\n\t\t\t\t<\/div>\n\t\t\t\t<div class=\"elementor-element elementor-element-46a2cfe2 elementor-widget elementor-widget-text-editor\" data-id=\"46a2cfe2\" data-element_type=\"widget\" data-widget_type=\"text-editor.default\">\n\t\t\t\t<div class=\"elementor-widget-container\">\n\t\t\t\t\t\t\t\t<div class=\"elementor-text-editor elementor-clearfix\">\n\t\t\t\t<ul><li>El curso se aborda desde un enfoque pr\u00e1ctico y aplicado.<\/li><li>Habr\u00e1 combinaci\u00f3n de teor\u00eda, ejercicios y pr\u00e1ctica.<\/li><li>Filmaciones individuales y video feedback.<\/li><li>Instructores senior y con mucha experiencia comprobada.<\/li><\/ul>\t\t\t\t\t<\/div>\n\t\t\t\t\t\t<\/div>\n\t\t\t\t<\/div>\n\t\t\t\t<div class=\"elementor-element elementor-element-ca385f7 elementor-align-right elementor-widget elementor-widget-button\" data-id=\"ca385f7\" data-element_type=\"widget\" data-widget_type=\"button.default\">\n\t\t\t\t<div class=\"elementor-widget-container\">\n\t\t\t\t\t<div class=\"elementor-button-wrapper\">\n\t\t\t<a href=\"#conversemos\" class=\"elementor-button-link elementor-button elementor-size-sm\" role=\"button\">\n\t\t\t\t\t\t<span class=\"elementor-button-content-wrapper\">\n\t\t\t\t\t\t<span class=\"elementor-button-text\">\u00a1Conversemos!<\/span>\n\t\t<\/span>\n\t\t\t\t\t<\/a>\n\t\t<\/div>\n\t\t\t\t<\/div>\n\t\t\t\t<\/div>\n\t\t\t\t\t\t<\/div>\n\t\t\t\t\t<\/div>\n\t\t<\/div>\n\t\t\t\t<div class=\"elementor-column elementor-col-50 elementor-top-column elementor-element elementor-element-1c7b219 elementor-hidden-phone\" data-id=\"1c7b219\" data-element_type=\"column\" data-settings=\"{&quot;background_background&quot;:&quot;classic&quot;}\">\n\t\t\t<div class=\"elementor-column-wrap elementor-element-populated\">\n\t\t\t\t\t\t\t<div class=\"elementor-widget-wrap\">\n\t\t\t\t\t\t<div class=\"elementor-element elementor-element-23583805 elementor-widget elementor-widget-image\" data-id=\"23583805\" data-element_type=\"widget\" data-widget_type=\"image.default\">\n\t\t\t\t<div class=\"elementor-widget-container\">\n\t\t\t\t\t\t\t\t<div class=\"elementor-image\">\n\t\t\t\t\t\t\t\t\t\t\t\t<img width=\"614\" height=\"1024\" src=\"https:\/\/paraque.cl\/web\/wp-content\/uploads\/2020\/10\/Fotos_capsulas_minsetcultural-614x1024.jpg\" class=\"attachment-large size-large wp-image-988\" alt=\"\" loading=\"lazy\" srcset=\"https:\/\/paraque.cl\/web\/wp-content\/uploads\/2020\/10\/Fotos_capsulas_minsetcultural-614x1024.jpg 614w, https:\/\/paraque.cl\/web\/wp-content\/uploads\/2020\/10\/Fotos_capsulas_minsetcultural-180x300.jpg 180w, https:\/\/paraque.cl\/web\/wp-content\/uploads\/2020\/10\/Fotos_capsulas_minsetcultural-768x1280.jpg 768w, https:\/\/paraque.cl\/web\/wp-content\/uploads\/2020\/10\/Fotos_capsulas_minsetcultural-922x1536.jpg 922w, https:\/\/paraque.cl\/web\/wp-content\/uploads\/2020\/10\/Fotos_capsulas_minsetcultural-1229x2048.jpg 1229w, https:\/\/paraque.cl\/web\/wp-content\/uploads\/2020\/10\/Fotos_capsulas_minsetcultural-scaled.jpg 1536w\" sizes=\"(max-width: 614px) 100vw, 614px\" \/>\t\t\t\t\t\t\t\t\t\t\t\t\t\t<\/div>\n\t\t\t\t\t\t<\/div>\n\t\t\t\t<\/div>\n\t\t\t\t\t\t<\/div>\n\t\t\t\t\t<\/div>\n\t\t<\/div>\n\t\t\t\t\t\t\t\t<\/div>\n\t\t\t\t\t<\/div>\n\t\t<\/section>\n\t\t\t\t\t\t\t\t\t<\/div>\n\t\t\t<\/div>\n\t\t\t\t\t<\/div>\n\t\t","protected":false},"excerpt":{"rendered":"<p>Mejora tus habilidades de oratoria, realiza presentaciones memorables y potencia tu \u00e9xito profesional Oratoria y Presentaciones de Alto Impacto En el mundo actual, la oratoria y las presentaciones efectivas son cada vez m\u00e1s importantes. La capacidad de comunicar un mensaje de manera clara, concisa y persuasiva es clave para el \u00e9xito en cualquier \u00e1mbito, ya [&hellip;]<\/p>\n","protected":false},"author":1,"featured_media":0,"parent":0,"menu_order":0,"comment_status":"closed","ping_status":"closed","template":"elementor_header_footer","meta":[],"yoast_head":"<!-- This site is optimized with the Yoast SEO plugin v15.9.2 - https:\/\/yoast.com\/wordpress\/plugins\/seo\/ -->\n<title>Oratoria y Presentaciones Efectivas | Para Qu\u00e9<\/title>\n<meta name=\"robots\" content=\"index, follow, max-snippet:-1, max-image-preview:large, max-video-preview:-1\" \/>\n<link rel=\"canonical\" href=\"https:\/\/paraque.cl\/web\/oratoria-y-presentaciones-efectivas\/\" \/>\n<meta property=\"og:locale\" content=\"es_ES\" \/>\n<meta property=\"og:type\" content=\"article\" \/>\n<meta property=\"og:title\" content=\"Oratoria y Presentaciones Efectivas | Para Qu\u00e9\" \/>\n<meta property=\"og:description\" content=\"Mejora tus habilidades de oratoria, realiza presentaciones memorables y potencia tu \u00e9xito profesional Oratoria y Presentaciones de Alto Impacto En el mundo actual, la oratoria y las presentaciones efectivas son cada vez m\u00e1s importantes. La capacidad de comunicar un mensaje de manera clara, concisa y persuasiva es clave para el \u00e9xito en cualquier \u00e1mbito, ya [&hellip;]\" \/>\n<meta property=\"og:url\" content=\"https:\/\/paraque.cl\/web\/oratoria-y-presentaciones-efectivas\/\" \/>\n<meta property=\"og:site_name\" content=\"Para Qu\u00e9\" \/>\n<meta property=\"article:publisher\" content=\"https:\/\/www.facebook.com\/paraque.cl\" \/>\n<meta property=\"article:modified_time\" content=\"2023-08-30T20:36:53+00:00\" \/>\n<meta property=\"og:image\" content=\"https:\/\/paraque.cl\/web\/wp-content\/uploads\/2020\/10\/Fotos_capsulas-54-993x1024.jpg\" \/>\n<meta name=\"twitter:card\" content=\"summary_large_image\" \/>\n<meta name=\"twitter:label1\" content=\"Tiempo de lectura\">\n\t<meta name=\"twitter:data1\" content=\"2 minutos\">\n<script type=\"application\/ld+json\" class=\"yoast-schema-graph\">{\"@context\":\"https:\/\/schema.org\",\"@graph\":[{\"@type\":\"WebSite\",\"@id\":\"https:\/\/paraque.cl\/web\/#website\",\"url\":\"https:\/\/paraque.cl\/web\/\",\"name\":\"Para Qu\\u00e9\",\"description\":\"Desata el poder de las personas\",\"potentialAction\":[{\"@type\":\"SearchAction\",\"target\":\"https:\/\/paraque.cl\/web\/?s={search_term_string}\",\"query-input\":\"required name=search_term_string\"}],\"inLanguage\":\"es\"},{\"@type\":\"ImageObject\",\"@id\":\"https:\/\/paraque.cl\/web\/oratoria-y-presentaciones-efectivas\/#primaryimage\",\"inLanguage\":\"es\",\"url\":\"https:\/\/paraque.cl\/web\/wp-content\/uploads\/2020\/10\/Fotos_capsulas-54.jpg\",\"width\":2357,\"height\":2430},{\"@type\":\"WebPage\",\"@id\":\"https:\/\/paraque.cl\/web\/oratoria-y-presentaciones-efectivas\/#webpage\",\"url\":\"https:\/\/paraque.cl\/web\/oratoria-y-presentaciones-efectivas\/\",\"name\":\"Oratoria y Presentaciones Efectivas | Para Qu\\u00e9\",\"isPartOf\":{\"@id\":\"https:\/\/paraque.cl\/web\/#website\"},\"primaryImageOfPage\":{\"@id\":\"https:\/\/paraque.cl\/web\/oratoria-y-presentaciones-efectivas\/#primaryimage\"},\"datePublished\":\"2020-09-28T21:39:29+00:00\",\"dateModified\":\"2023-08-30T20:36:53+00:00\",\"breadcrumb\":{\"@id\":\"https:\/\/paraque.cl\/web\/oratoria-y-presentaciones-efectivas\/#breadcrumb\"},\"inLanguage\":\"es\",\"potentialAction\":[{\"@type\":\"ReadAction\",\"target\":[\"https:\/\/paraque.cl\/web\/oratoria-y-presentaciones-efectivas\/\"]}]},{\"@type\":\"BreadcrumbList\",\"@id\":\"https:\/\/paraque.cl\/web\/oratoria-y-presentaciones-efectivas\/#breadcrumb\",\"itemListElement\":[{\"@type\":\"ListItem\",\"position\":1,\"item\":{\"@type\":\"WebPage\",\"@id\":\"https:\/\/paraque.cl\/web\/\",\"url\":\"https:\/\/paraque.cl\/web\/\",\"name\":\"Portada\"}},{\"@type\":\"ListItem\",\"position\":2,\"item\":{\"@type\":\"WebPage\",\"@id\":\"https:\/\/paraque.cl\/web\/oratoria-y-presentaciones-efectivas\/\",\"url\":\"https:\/\/paraque.cl\/web\/oratoria-y-presentaciones-efectivas\/\",\"name\":\"Oratoria y Presentaciones Efectivas\"}}]}]}<\/script>\n<!-- \/ Yoast SEO plugin. -->","_links":{"self":[{"href":"https:\/\/paraque.cl\/web\/wp-json\/wp\/v2\/pages\/476"}],"collection":[{"href":"https:\/\/paraque.cl\/web\/wp-json\/wp\/v2\/pages"}],"about":[{"href":"https:\/\/paraque.cl\/web\/wp-json\/wp\/v2\/types\/page"}],"author":[{"embeddable":true,"href":"https:\/\/paraque.cl\/web\/wp-json\/wp\/v2\/users\/1"}],"replies":[{"embeddable":true,"href":"https:\/\/paraque.cl\/web\/wp-json\/wp\/v2\/comments?post=476"}],"version-history":[{"count":28,"href":"https:\/\/paraque.cl\/web\/wp-json\/wp\/v2\/pages\/476\/revisions"}],"predecessor-version":[{"id":1966,"href":"https:\/\/paraque.cl\/web\/wp-json\/wp\/v2\/pages\/476\/revisions\/1966"}],"wp:attachment":[{"href":"https:\/\/paraque.cl\/web\/wp-json\/wp\/v2\/media?parent=476"}],"curies":[{"name":"wp","href":"https:\/\/api.w.org\/{rel}","templated":true}]}}