{"id":409,"date":"2020-09-28T17:44:05","date_gmt":"2020-09-28T17:44:05","guid":{"rendered":"https:\/\/paraque.cl\/web\/?page_id=409"},"modified":"2021-05-05T19:29:49","modified_gmt":"2021-05-05T19:29:49","slug":"clientes","status":"publish","type":"page","link":"https:\/\/paraque.cl\/web\/clientes\/","title":{"rendered":"Clientes"},"content":{"rendered":"\t\t<div data-elementor-type=\"wp-page\" data-elementor-id=\"409\" class=\"elementor elementor-409\">\n\t\t\t\t\t\t<div class=\"elementor-inner\">\n\t\t\t\t<div class=\"elementor-section-wrap\">\n\t\t\t\t\t\t\t\t\t<section class=\"elementor-section elementor-top-section elementor-element elementor-element-812958d elementor-section-height-min-height elementor-section-boxed elementor-section-height-default elementor-section-items-middle\" data-id=\"812958d\" data-element_type=\"section\" data-settings=\"{&quot;background_background&quot;:&quot;classic&quot;}\">\n\t\t\t\t\t\t<div class=\"elementor-container elementor-column-gap-default\">\n\t\t\t\t\t\t\t<div class=\"elementor-row\">\n\t\t\t\t\t<div class=\"elementor-column elementor-col-100 elementor-top-column elementor-element elementor-element-49ee10c\" data-id=\"49ee10c\" data-element_type=\"column\">\n\t\t\t<div class=\"elementor-column-wrap\">\n\t\t\t\t\t\t\t<div class=\"elementor-widget-wrap\">\n\t\t\t\t\t\t\t\t<\/div>\n\t\t\t\t\t<\/div>\n\t\t<\/div>\n\t\t\t\t\t\t\t\t<\/div>\n\t\t\t\t\t<\/div>\n\t\t<\/section>\n\t\t\t\t<section class=\"elementor-section elementor-inner-section elementor-element elementor-element-5191b58f elementor-section-boxed elementor-section-height-default elementor-section-height-default\" data-id=\"5191b58f\" data-element_type=\"section\">\n\t\t\t\t\t\t<div class=\"elementor-container elementor-column-gap-no\">\n\t\t\t\t\t\t\t<div class=\"elementor-row\">\n\t\t\t\t\t<div class=\"elementor-column elementor-col-100 elementor-inner-column elementor-element elementor-element-57d32d60\" data-id=\"57d32d60\" data-element_type=\"column\" data-settings=\"{&quot;background_background&quot;:&quot;classic&quot;,&quot;animation&quot;:&quot;none&quot;,&quot;animation_mobile&quot;:&quot;none&quot;}\">\n\t\t\t<div class=\"elementor-column-wrap elementor-element-populated\">\n\t\t\t\t\t\t\t<div class=\"elementor-widget-wrap\">\n\t\t\t\t\t\t<div class=\"elementor-element elementor-element-4435f031 elementor-widget elementor-widget-image-carousel\" data-id=\"4435f031\" data-element_type=\"widget\" data-settings=\"{&quot;slides_to_show&quot;:&quot;4&quot;,&quot;slides_to_show_mobile&quot;:&quot;2&quot;,&quot;slides_to_scroll_mobile&quot;:&quot;1&quot;,&quot;navigation&quot;:&quot;none&quot;,&quot;autoplay_speed&quot;:2000,&quot;speed&quot;:700,&quot;autoplay&quot;:&quot;yes&quot;,&quot;pause_on_hover&quot;:&quot;yes&quot;,&quot;pause_on_interaction&quot;:&quot;yes&quot;,&quot;infinite&quot;:&quot;yes&quot;}\" data-widget_type=\"image-carousel.default\">\n\t\t\t\t<div class=\"elementor-widget-container\">\n\t\t\t\t\t<div class=\"elementor-image-carousel-wrapper swiper-container\" dir=\"ltr\">\n\t\t\t<div class=\"elementor-image-carousel swiper-wrapper swiper-image-stretch\">\n\t\t\t\t\t\t\t\t<div class=\"swiper-slide\"><figure class=\"swiper-slide-inner\"><img class=\"swiper-slide-image\" src=\"https:\/\/paraque.cl\/web\/wp-content\/uploads\/2020\/10\/PQ_clientes_cencosud_logo-300x177.png\" alt=\"PQ_clientes_cencosud_logo\" \/><\/figure><\/div><div class=\"swiper-slide\"><figure class=\"swiper-slide-inner\"><img class=\"swiper-slide-image\" src=\"https:\/\/paraque.cl\/web\/wp-content\/uploads\/2020\/10\/Logos_WebPQ_FondoBlanco_Mesa-de-trabajo-1-300x177.png\" alt=\"Logos_WebPQ_FondoBlanco_Mesa de trabajo 1\" \/><\/figure><\/div><div class=\"swiper-slide\"><figure class=\"swiper-slide-inner\"><img class=\"swiper-slide-image\" src=\"https:\/\/paraque.cl\/web\/wp-content\/uploads\/2020\/10\/PQ_clientes_autofin_logo-300x176.png\" alt=\"PQ_clientes_autofin_logo\" \/><\/figure><\/div><div class=\"swiper-slide\"><figure class=\"swiper-slide-inner\"><img class=\"swiper-slide-image\" src=\"https:\/\/paraque.cl\/web\/wp-content\/uploads\/2020\/10\/logo_ACHEE-300x176.png\" alt=\"logo_ACHEE\" \/><\/figure><\/div><div class=\"swiper-slide\"><figure class=\"swiper-slide-inner\"><img class=\"swiper-slide-image\" src=\"https:\/\/paraque.cl\/web\/wp-content\/uploads\/2020\/10\/logo_copec-300x176.png\" alt=\"logo_copec\" \/><\/figure><\/div><div class=\"swiper-slide\"><figure class=\"swiper-slide-inner\"><img class=\"swiper-slide-image\" src=\"https:\/\/paraque.cl\/web\/wp-content\/uploads\/2020\/10\/logo_HMCGoldSCM-300x176.png\" alt=\"logo_HMCGoldSCM\" \/><\/figure><\/div><div class=\"swiper-slide\"><figure class=\"swiper-slide-inner\"><img class=\"swiper-slide-image\" src=\"https:\/\/paraque.cl\/web\/wp-content\/uploads\/2020\/10\/logo_mineraescondida-300x177.png\" alt=\"logo_mineraescondida\" \/><\/figure><\/div><div class=\"swiper-slide\"><figure class=\"swiper-slide-inner\"><img class=\"swiper-slide-image\" src=\"https:\/\/paraque.cl\/web\/wp-content\/uploads\/2020\/10\/Logos_WebPQ_FondoBlanco-03-300x177.png\" alt=\"Logos_WebPQ_FondoBlanco-03\" \/><\/figure><\/div><div class=\"swiper-slide\"><figure class=\"swiper-slide-inner\"><img class=\"swiper-slide-image\" src=\"https:\/\/paraque.cl\/web\/wp-content\/uploads\/2020\/10\/logo_vinyl-300x176.png\" alt=\"logo_vinyl\" \/><\/figure><\/div><div class=\"swiper-slide\"><figure class=\"swiper-slide-inner\"><img class=\"swiper-slide-image\" src=\"https:\/\/paraque.cl\/web\/wp-content\/uploads\/2020\/10\/logo_yamanagold-300x177.png\" alt=\"logo_yamanagold\" \/><\/figure><\/div><div class=\"swiper-slide\"><figure class=\"swiper-slide-inner\"><img class=\"swiper-slide-image\" src=\"https:\/\/paraque.cl\/web\/wp-content\/uploads\/2020\/10\/Logos_WebPQ_FondoBlanco-02-300x177.png\" alt=\"Logos_WebPQ_FondoBlanco-02\" \/><\/figure><\/div><div class=\"swiper-slide\"><figure class=\"swiper-slide-inner\"><img class=\"swiper-slide-image\" src=\"https:\/\/paraque.cl\/web\/wp-content\/uploads\/2021\/05\/logo-sercotec-cn-300x207.jpg\" alt=\"logo sercotec cn\" \/><\/figure><\/div><div class=\"swiper-slide\"><figure class=\"swiper-slide-inner\"><img class=\"swiper-slide-image\" src=\"https:\/\/paraque.cl\/web\/wp-content\/uploads\/2021\/05\/logo-nike-300x300.jpg\" alt=\"logo nike\" \/><\/figure><\/div>\t\t\t<\/div>\n\t\t\t\t\t\t\t\t\t\t\t\t\t\t\t\t<\/div>\n\t\t\t\t<\/div>\n\t\t\t\t<\/div>\n\t\t\t\t\t\t<\/div>\n\t\t\t\t\t<\/div>\n\t\t<\/div>\n\t\t\t\t\t\t\t\t<\/div>\n\t\t\t\t\t<\/div>\n\t\t<\/section>\n\t\t\t\t<section class=\"elementor-section elementor-top-section elementor-element elementor-element-7afcadc6 elementor-hidden-desktop elementor-hidden-tablet elementor-section-boxed elementor-section-height-default elementor-section-height-default\" data-id=\"7afcadc6\" data-element_type=\"section\">\n\t\t\t\t\t\t<div class=\"elementor-container elementor-column-gap-default\">\n\t\t\t\t\t\t\t<div class=\"elementor-row\">\n\t\t\t\t\t<div class=\"elementor-column elementor-col-100 elementor-top-column elementor-element elementor-element-6851231d\" data-id=\"6851231d\" data-element_type=\"column\">\n\t\t\t<div class=\"elementor-column-wrap elementor-element-populated\">\n\t\t\t\t\t\t\t<div class=\"elementor-widget-wrap\">\n\t\t\t\t\t\t<div class=\"elementor-element elementor-element-371e15a elementor-widget elementor-widget-htmega-testimonial-addons\" data-id=\"371e15a\" data-element_type=\"widget\" data-widget_type=\"htmega-testimonial-addons.default\">\n\t\t\t\t<div class=\"elementor-widget-container\">\n\t\t\t            <div class=\"htmega-testimonial-area htmega-sl-arraow-style- htmega-testimonial-style-2 sid371e15a htmega-testimonial-activation\" data-settings=\"{&quot;sectionid&quot;:&quot;sid371e15a&quot;,&quot;arrows&quot;:true,&quot;arrow_prev_txt&quot;:&quot;&lt;i class=\\&quot;fas fa-angle-left\\&quot;&gt;&lt;\\\/i&gt;&quot;,&quot;arrow_next_txt&quot;:&quot;&lt;i class=\\&quot;fas fa-angle-right\\&quot;&gt;&lt;\\\/i&gt;&quot;,&quot;dots&quot;:false,&quot;autoplay&quot;:false,&quot;autoplay_speed&quot;:0,&quot;animation_speed&quot;:300,&quot;pause_on_hover&quot;:true,&quot;center_mode&quot;:false,&quot;center_padding&quot;:0,&quot;testimonial_style_ck&quot;:2,&quot;display_columns&quot;:1,&quot;scroll_columns&quot;:1,&quot;tablet_width&quot;:750,&quot;tablet_display_columns&quot;:1,&quot;tablet_scroll_columns&quot;:1,&quot;mobile_width&quot;:480,&quot;mobile_display_columns&quot;:1,&quot;mobile_scroll_columns&quot;:1}\" style=\"display:none;\">\n\n                                                            <div class=\"testimonal\">\n                            <div class=\"testimonal-image\"><img src=\"https:\/\/paraque.cl\/web\/wp-content\/uploads\/elementor\/thumbs\/testimonio1-ovwvqk9wui7tru1qcpyqm2c8loshb1bo10jipfdfxk.jpg\" title=\"testimonio1\" alt=\"testimonio1\" loading=\"lazy\" \/><\/div>\n                                                            <div class=\"content\">\n                                    <p>\"Trabajamos con Para Qu\u00e9 en un taller de varios m\u00f3dulos para movilizar a equipos de atenci\u00f3n de clientes y back office en darle un sentido trascendente a su labor, desafiando el estatus quo en su quehacer diario y en su vida personal. Instalando en el equipo espacios de conversaci\u00f3n horizontales que dieron cabida a propuestas, trabajo colaborativo y con mejora sustantiva en el clima laboral\u201d<\/p><h4>Jorge Venditti Botta<\/h4><span>Gerente de Experiencia, Calidad y Eficiencia, Cencosud Scotiabank<\/span>                                <\/div>\n                                                    <\/div>\n                    \n                                                                <div class=\"testimonal\">\n                            <div class=\"testimonal-image\"><img src=\"https:\/\/paraque.cl\/web\/wp-content\/uploads\/elementor\/thumbs\/testimonio2-1-ovww1bjf28xyn6f7jdd15cm5cfrpec12u9bkfff8q0.jpg\" title=\"testimonio2\" alt=\"testimonio2\" loading=\"lazy\" \/><\/div>\n                                                            <div class=\"content\">\n                                    <p>\u201cTrabajamos en el programa de desarrollo de liderazgo para la compa\u00f1\u00eda. Nos encant\u00f3 la metodolog\u00eda utilizada, la ejecuci\u00f3n de programa y c\u00f3mo hacen un acompa\u00f1amiento con cada uno de los gerentes para asegurar el \u00e9xito. Muchos de estos programas tienen un \u00e9xito limitado por el bajo grado de involucramiento de los participantes. Este es uno de los aspectos donde la metodolog\u00eda utilizada es muy efectiva, dado que es entretenida, convincente y genera instancias de comunicaci\u00f3n que es dif\u00edcil encontrar en el trabajo habitual. Totalmente recomendable.\u201d<\/p><h4>Rodrigo Cuadra<\/h4><span>Gerente General, Modular Mining Chile (Komatsu)<\/span>                                <\/div>\n                                                    <\/div>\n                    \n                                                                <div class=\"testimonal\">\n                            <div class=\"testimonal-image\"><img src=\"https:\/\/paraque.cl\/web\/wp-content\/uploads\/elementor\/thumbs\/Sebastian-Garci\u0301a-Mindugar-owjlejq1qtv09smyvl5hozvunukhza553m18sqcfs8.png\" title=\"Sebastian Garci\u0301a &#8211; Mindugar\" alt=\"Sebastian Garci\u0301a - Mindugar\" loading=\"lazy\" \/><\/div>\n                                                            <div class=\"content\">\n                                    <p>\u201cNuestra experiencia fue excepcional. Mat\u00edas se introdujo y mezcl\u00f3 con nuestra cultura, entendi\u00f3 nuestro negocio y, desde ah\u00ed, nos ayud\u00f3 a encontrar nuestros puntos d\u00e9biles, como mejorarlos y por qu\u00e9 hacerlo. Todo esto lo hizo no desde la teor\u00eda, sino de manera concreta con ejercicios y aplicaciones directas que permanecen en el tiempo. Recomiendo para cualquier proceso de mejora organizacional y cultural.\u201d<\/p><h4>Sebastian Garcia S.<\/h4><span>Gerente General, MINDUGAR S.p.A<\/span>                                <\/div>\n                                                    <\/div>\n                    \n                                                                <div class=\"testimonal\">\n                            <div class=\"testimonal-image\"><img src=\"https:\/\/paraque.cl\/web\/wp-content\/uploads\/elementor\/thumbs\/Isidora-Rocha-Aufofin-owjlccrlsqux6jtnon0tvjt4rhdo0pfosr8ghhliaw.jpeg\" title=\"Isidora Rocha &#8211; Aufofin\" alt=\"Isidora Rocha - Aufofin\" loading=\"lazy\" \/><\/div>\n                                                            <div class=\"content\">\n                                    <p>\u201cFue una excelente experiencia, muy gratificante. El valor agregado fue la elocuencia, claridad y lo l\u00fadico de la firma para bajar la informaci\u00f3n, lo cual facilita su entendimiento y mantiene a los part\u00edcipes 100% atentos\u201d<\/p><h4>Isidora Rocha Santa Mar\u00eda<\/h4><span>Gerente de Personas y Legal, Autofin S.A<\/span>                                <\/div>\n                                                    <\/div>\n                    \n                                <\/div>\n\n                         <!-- Border style  -->\n                          \n                            \n                    \t\t<\/div>\n\t\t\t\t<\/div>\n\t\t\t\t\t\t<\/div>\n\t\t\t\t\t<\/div>\n\t\t<\/div>\n\t\t\t\t\t\t\t\t<\/div>\n\t\t\t\t\t<\/div>\n\t\t<\/section>\n\t\t\t\t<section class=\"elementor-section elementor-top-section elementor-element elementor-element-e824281 elementor-section-full_width elementor-hidden-tablet elementor-hidden-phone elementor-section-height-default elementor-section-height-default\" data-id=\"e824281\" data-element_type=\"section\" data-settings=\"{&quot;background_background&quot;:&quot;classic&quot;}\">\n\t\t\t\t\t\t<div class=\"elementor-container elementor-column-gap-default\">\n\t\t\t\t\t\t\t<div class=\"elementor-row\">\n\t\t\t\t\t<div class=\"elementor-column elementor-col-100 elementor-top-column elementor-element elementor-element-721c3d7\" data-id=\"721c3d7\" data-element_type=\"column\">\n\t\t\t<div class=\"elementor-column-wrap elementor-element-populated\">\n\t\t\t\t\t\t\t<div class=\"elementor-widget-wrap\">\n\t\t\t\t\t\t<div class=\"elementor-element elementor-element-90e4361 elementor-widget elementor-widget-image\" data-id=\"90e4361\" data-element_type=\"widget\" data-widget_type=\"image.default\">\n\t\t\t\t<div class=\"elementor-widget-container\">\n\t\t\t\t\t\t\t\t<div class=\"elementor-image\">\n\t\t\t\t\t\t\t\t\t\t\t\t<img width=\"800\" height=\"219\" src=\"https:\/\/paraque.cl\/web\/wp-content\/uploads\/2020\/10\/iconos_web_clientes_4-1024x280.png\" class=\"attachment-large size-large wp-image-827\" alt=\"\" loading=\"lazy\" srcset=\"https:\/\/paraque.cl\/web\/wp-content\/uploads\/2020\/10\/iconos_web_clientes_4-1024x280.png 1024w, https:\/\/paraque.cl\/web\/wp-content\/uploads\/2020\/10\/iconos_web_clientes_4-300x82.png 300w, https:\/\/paraque.cl\/web\/wp-content\/uploads\/2020\/10\/iconos_web_clientes_4-768x210.png 768w, https:\/\/paraque.cl\/web\/wp-content\/uploads\/2020\/10\/iconos_web_clientes_4-1536x420.png 1536w, https:\/\/paraque.cl\/web\/wp-content\/uploads\/2020\/10\/iconos_web_clientes_4-2048x560.png 2048w\" sizes=\"(max-width: 800px) 100vw, 800px\" \/>\t\t\t\t\t\t\t\t\t\t\t\t\t\t<\/div>\n\t\t\t\t\t\t<\/div>\n\t\t\t\t<\/div>\n\t\t\t\t<div class=\"elementor-element elementor-element-97123da elementor-widget elementor-widget-image\" data-id=\"97123da\" data-element_type=\"widget\" data-widget_type=\"image.default\">\n\t\t\t\t<div class=\"elementor-widget-container\">\n\t\t\t\t\t\t\t\t<div class=\"elementor-image\">\n\t\t\t\t\t\t\t\t\t\t\t\t<img width=\"800\" height=\"219\" src=\"https:\/\/paraque.cl\/web\/wp-content\/uploads\/2020\/10\/iconos_web_clientes_3-1024x280.png\" class=\"attachment-large size-large wp-image-822\" alt=\"\" loading=\"lazy\" srcset=\"https:\/\/paraque.cl\/web\/wp-content\/uploads\/2020\/10\/iconos_web_clientes_3-1024x280.png 1024w, https:\/\/paraque.cl\/web\/wp-content\/uploads\/2020\/10\/iconos_web_clientes_3-300x82.png 300w, https:\/\/paraque.cl\/web\/wp-content\/uploads\/2020\/10\/iconos_web_clientes_3-768x210.png 768w, https:\/\/paraque.cl\/web\/wp-content\/uploads\/2020\/10\/iconos_web_clientes_3-1536x420.png 1536w, https:\/\/paraque.cl\/web\/wp-content\/uploads\/2020\/10\/iconos_web_clientes_3-2048x560.png 2048w\" sizes=\"(max-width: 800px) 100vw, 800px\" \/>\t\t\t\t\t\t\t\t\t\t\t\t\t\t<\/div>\n\t\t\t\t\t\t<\/div>\n\t\t\t\t<\/div>\n\t\t\t\t\t\t<\/div>\n\t\t\t\t\t<\/div>\n\t\t<\/div>\n\t\t\t\t\t\t\t\t<\/div>\n\t\t\t\t\t<\/div>\n\t\t<\/section>\n\t\t\t\t<section class=\"elementor-section elementor-top-section elementor-element elementor-element-254f819 elementor-section-full_width elementor-hidden-tablet elementor-hidden-phone elementor-section-height-default elementor-section-height-default\" data-id=\"254f819\" data-element_type=\"section\">\n\t\t\t\t\t\t<div class=\"elementor-container elementor-column-gap-default\">\n\t\t\t\t\t\t\t<div class=\"elementor-row\">\n\t\t\t\t\t<div class=\"elementor-column elementor-col-100 elementor-top-column elementor-element elementor-element-f23fd4b\" data-id=\"f23fd4b\" data-element_type=\"column\">\n\t\t\t<div class=\"elementor-column-wrap elementor-element-populated\">\n\t\t\t\t\t\t\t<div class=\"elementor-widget-wrap\">\n\t\t\t\t\t\t<div class=\"elementor-element elementor-element-5c64e7d elementor-widget elementor-widget-image\" data-id=\"5c64e7d\" data-element_type=\"widget\" data-widget_type=\"image.default\">\n\t\t\t\t<div class=\"elementor-widget-container\">\n\t\t\t\t\t\t\t\t<div class=\"elementor-image\">\n\t\t\t\t\t\t\t\t\t\t\t\t<img width=\"800\" height=\"219\" src=\"https:\/\/paraque.cl\/web\/wp-content\/uploads\/2020\/10\/iconos_web_clientes_5-1024x280.png\" class=\"attachment-large size-large wp-image-826\" alt=\"\" loading=\"lazy\" srcset=\"https:\/\/paraque.cl\/web\/wp-content\/uploads\/2020\/10\/iconos_web_clientes_5-1024x280.png 1024w, https:\/\/paraque.cl\/web\/wp-content\/uploads\/2020\/10\/iconos_web_clientes_5-300x82.png 300w, https:\/\/paraque.cl\/web\/wp-content\/uploads\/2020\/10\/iconos_web_clientes_5-768x210.png 768w, https:\/\/paraque.cl\/web\/wp-content\/uploads\/2020\/10\/iconos_web_clientes_5-1536x420.png 1536w, https:\/\/paraque.cl\/web\/wp-content\/uploads\/2020\/10\/iconos_web_clientes_5-2048x560.png 2048w\" sizes=\"(max-width: 800px) 100vw, 800px\" \/>\t\t\t\t\t\t\t\t\t\t\t\t\t\t<\/div>\n\t\t\t\t\t\t<\/div>\n\t\t\t\t<\/div>\n\t\t\t\t<div class=\"elementor-element elementor-element-9fe9f5e elementor-widget elementor-widget-image\" data-id=\"9fe9f5e\" data-element_type=\"widget\" data-widget_type=\"image.default\">\n\t\t\t\t<div class=\"elementor-widget-container\">\n\t\t\t\t\t\t\t\t<div class=\"elementor-image\">\n\t\t\t\t\t\t\t\t\t\t\t\t<img width=\"800\" height=\"219\" src=\"https:\/\/paraque.cl\/web\/wp-content\/uploads\/2020\/10\/iconos_web_clientes_2-1024x280.png\" class=\"attachment-large size-large wp-image-823\" alt=\"\" loading=\"lazy\" srcset=\"https:\/\/paraque.cl\/web\/wp-content\/uploads\/2020\/10\/iconos_web_clientes_2-1024x280.png 1024w, https:\/\/paraque.cl\/web\/wp-content\/uploads\/2020\/10\/iconos_web_clientes_2-300x82.png 300w, https:\/\/paraque.cl\/web\/wp-content\/uploads\/2020\/10\/iconos_web_clientes_2-768x210.png 768w, https:\/\/paraque.cl\/web\/wp-content\/uploads\/2020\/10\/iconos_web_clientes_2-1536x420.png 1536w, https:\/\/paraque.cl\/web\/wp-content\/uploads\/2020\/10\/iconos_web_clientes_2-2048x560.png 2048w\" sizes=\"(max-width: 800px) 100vw, 800px\" \/>\t\t\t\t\t\t\t\t\t\t\t\t\t\t<\/div>\n\t\t\t\t\t\t<\/div>\n\t\t\t\t<\/div>\n\t\t\t\t\t\t<\/div>\n\t\t\t\t\t<\/div>\n\t\t<\/div>\n\t\t\t\t\t\t\t\t<\/div>\n\t\t\t\t\t<\/div>\n\t\t<\/section>\n\t\t\t\t\t\t\t\t\t<\/div>\n\t\t\t<\/div>\n\t\t\t\t\t<\/div>\n\t\t","protected":false},"excerpt":{"rendered":"<p>&quot;Trabajamos con Para Qu\u00e9 en un taller de varios m\u00f3dulos para movilizar a equipos de atenci\u00f3n de clientes y back office en darle un sentido trascendente a su labor, desafiando el estatus quo en su quehacer diario y en su vida personal. Instalando en el equipo espacios de conversaci\u00f3n horizontales que dieron cabida a propuestas, [&hellip;]<\/p>\n","protected":false},"author":1,"featured_media":0,"parent":0,"menu_order":0,"comment_status":"closed","ping_status":"closed","template":"elementor_header_footer","meta":[],"yoast_head":"<!-- This site is optimized with the Yoast SEO plugin v15.9.2 - https:\/\/yoast.com\/wordpress\/plugins\/seo\/ -->\n<title>Clientes | Para Qu\u00e9<\/title>\n<meta name=\"robots\" content=\"index, follow, max-snippet:-1, max-image-preview:large, max-video-preview:-1\" \/>\n<link rel=\"canonical\" href=\"https:\/\/paraque.cl\/web\/clientes\/\" \/>\n<meta property=\"og:locale\" content=\"es_ES\" \/>\n<meta property=\"og:type\" content=\"article\" \/>\n<meta property=\"og:title\" content=\"Clientes | Para Qu\u00e9\" \/>\n<meta property=\"og:description\" content=\"&quot;Trabajamos con Para Qu\u00e9 en un taller de varios m\u00f3dulos para movilizar a equipos de atenci\u00f3n de clientes y back office en darle un sentido trascendente a su labor, desafiando el estatus quo en su quehacer diario y en su vida personal. Instalando en el equipo espacios de conversaci\u00f3n horizontales que dieron cabida a propuestas, [&hellip;]\" \/>\n<meta property=\"og:url\" content=\"https:\/\/paraque.cl\/web\/clientes\/\" \/>\n<meta property=\"og:site_name\" content=\"Para Qu\u00e9\" \/>\n<meta property=\"article:publisher\" content=\"https:\/\/www.facebook.com\/paraque.cl\" \/>\n<meta property=\"article:modified_time\" content=\"2021-05-05T19:29:49+00:00\" \/>\n<meta property=\"og:image\" content=\"https:\/\/paraque.cl\/web\/wp-content\/uploads\/2020\/10\/PQ_clientes_cencosud_logo-300x177.png\" \/>\n<meta name=\"twitter:card\" content=\"summary_large_image\" \/>\n<meta name=\"twitter:label1\" content=\"Tiempo de lectura\">\n\t<meta name=\"twitter:data1\" content=\"10 minutos\">\n<script type=\"application\/ld+json\" class=\"yoast-schema-graph\">{\"@context\":\"https:\/\/schema.org\",\"@graph\":[{\"@type\":\"WebSite\",\"@id\":\"https:\/\/paraque.cl\/web\/#website\",\"url\":\"https:\/\/paraque.cl\/web\/\",\"name\":\"Para Qu\\u00e9\",\"description\":\"Desata el poder de las personas\",\"potentialAction\":[{\"@type\":\"SearchAction\",\"target\":\"https:\/\/paraque.cl\/web\/?s={search_term_string}\",\"query-input\":\"required name=search_term_string\"}],\"inLanguage\":\"es\"},{\"@type\":\"ImageObject\",\"@id\":\"https:\/\/paraque.cl\/web\/clientes\/#primaryimage\",\"inLanguage\":\"es\",\"url\":\"https:\/\/paraque.cl\/web\/wp-content\/uploads\/2020\/10\/PQ_clientes_cencosud_logo.png\",\"width\":943,\"height\":555},{\"@type\":\"WebPage\",\"@id\":\"https:\/\/paraque.cl\/web\/clientes\/#webpage\",\"url\":\"https:\/\/paraque.cl\/web\/clientes\/\",\"name\":\"Clientes | Para Qu\\u00e9\",\"isPartOf\":{\"@id\":\"https:\/\/paraque.cl\/web\/#website\"},\"primaryImageOfPage\":{\"@id\":\"https:\/\/paraque.cl\/web\/clientes\/#primaryimage\"},\"datePublished\":\"2020-09-28T17:44:05+00:00\",\"dateModified\":\"2021-05-05T19:29:49+00:00\",\"breadcrumb\":{\"@id\":\"https:\/\/paraque.cl\/web\/clientes\/#breadcrumb\"},\"inLanguage\":\"es\",\"potentialAction\":[{\"@type\":\"ReadAction\",\"target\":[\"https:\/\/paraque.cl\/web\/clientes\/\"]}]},{\"@type\":\"BreadcrumbList\",\"@id\":\"https:\/\/paraque.cl\/web\/clientes\/#breadcrumb\",\"itemListElement\":[{\"@type\":\"ListItem\",\"position\":1,\"item\":{\"@type\":\"WebPage\",\"@id\":\"https:\/\/paraque.cl\/web\/\",\"url\":\"https:\/\/paraque.cl\/web\/\",\"name\":\"Portada\"}},{\"@type\":\"ListItem\",\"position\":2,\"item\":{\"@type\":\"WebPage\",\"@id\":\"https:\/\/paraque.cl\/web\/clientes\/\",\"url\":\"https:\/\/paraque.cl\/web\/clientes\/\",\"name\":\"Clientes\"}}]}]}<\/script>\n<!-- \/ Yoast SEO plugin. -->","_links":{"self":[{"href":"https:\/\/paraque.cl\/web\/wp-json\/wp\/v2\/pages\/409"}],"collection":[{"href":"https:\/\/paraque.cl\/web\/wp-json\/wp\/v2\/pages"}],"about":[{"href":"https:\/\/paraque.cl\/web\/wp-json\/wp\/v2\/types\/page"}],"author":[{"embeddable":true,"href":"https:\/\/paraque.cl\/web\/wp-json\/wp\/v2\/users\/1"}],"replies":[{"embeddable":true,"href":"https:\/\/paraque.cl\/web\/wp-json\/wp\/v2\/comments?post=409"}],"version-history":[{"count":24,"href":"https:\/\/paraque.cl\/web\/wp-json\/wp\/v2\/pages\/409\/revisions"}],"predecessor-version":[{"id":1423,"href":"https:\/\/paraque.cl\/web\/wp-json\/wp\/v2\/pages\/409\/revisions\/1423"}],"wp:attachment":[{"href":"https:\/\/paraque.cl\/web\/wp-json\/wp\/v2\/media?parent=409"}],"curies":[{"name":"wp","href":"https:\/\/api.w.org\/{rel}","templated":true}]}}